{"id":126,"date":"2019-10-01T20:46:26","date_gmt":"2019-10-01T18:46:26","guid":{"rendered":"http:\/\/www.catherine-longepe.com\/?page_id=126"},"modified":"2025-08-21T20:11:34","modified_gmt":"2025-08-21T18:11:34","slug":"contact-inscription","status":"publish","type":"page","link":"https:\/\/www.catherine-longepe.com\/index.php\/contact-inscription\/","title":{"rendered":"Contact &#038; Inscription"},"content":{"rendered":"<p>[et_pb_section fb_built=\u00a0\u00bb1&Prime; admin_label=\u00a0\u00bbsection\u00a0\u00bb _builder_version=\u00a0\u00bb3.22&Prime;][et_pb_row column_structure=\u00a0\u00bb1_2,1_2&Prime; _builder_version=\u00a0\u00bb4.0.2&Prime; background_color=\u00a0\u00bbrgba(0,0,0,0)\u00a0\u00bb][et_pb_column type=\u00a0\u00bb1_2&Prime; _builder_version=\u00a0\u00bb3.29.3&Prime;][et_pb_text _builder_version=\u00a0\u00bb4.0.2&Prime; width=\u00a0\u00bb95.2%\u00a0\u00bb min_height=\u00a0\u00bb290px\u00a0\u00bb custom_padding=\u00a0\u00bb|||27px||\u00a0\u00bb]<\/p>\n<h2>Me contacter<\/h2>\n<p><b>T\u00e9l\u00e9phone :<\/b><br \/>\n06 84 70 03 10<\/p>\n<p><b>Email :<\/b><br \/>\ncatherine.longepe.44@gmail.com<\/p>\n<p><b>Adresse :<\/b><br \/>\nQuartier Solvardi\u00e8re<br \/>\n44800 Saint-Herblain<\/p>\n<p>[\/et_pb_text][et_pb_text _builder_version=\u00a0\u00bb4.0.2&Prime; text_font_size=\u00a0\u00bb12px\u00a0\u00bb text_line_height=\u00a0\u00bb1em\u00a0\u00bb text_orientation=\u00a0\u00bbjustified\u00a0\u00bb custom_margin=\u00a0\u00bb35px|||25px|false|false\u00a0\u00bb]<\/p>\n<p>Conform\u00e9ment \u00e0 la r\u00e9glementation RGPD, vos coordonn\u00e9es (t\u00e9l\u00e9phone &#8211; mail) seront collect\u00e9es uniquement afin de pouvoir vous transmettre des informations en lien avec votre demande.<\/p>\n<p>Vous pouvez \u00e0 tout moment demander \u00e0 \u00eatre ray\u00e9 des listes de diffusion de ces informations et \u00e0 la non conservation de vos donn\u00e9es.<\/p>\n<p>[\/et_pb_text][\/et_pb_column][et_pb_column type=\u00a0\u00bb1_2&Prime; _builder_version=\u00a0\u00bb3.29.3&Prime;][\/et_pb_column][\/et_pb_row][et_pb_row admin_label=\u00a0\u00bbrow\u00a0\u00bb _builder_version=\u00a0\u00bb3.29.3&Prime; background_size=\u00a0\u00bbinitial\u00a0\u00bb background_position=\u00a0\u00bbtop_left\u00a0\u00bb background_repeat=\u00a0\u00bbrepeat\u00a0\u00bb min_height=\u00a0\u00bb419px\u00a0\u00bb custom_margin=\u00a0\u00bb|257px||267px||\u00a0\u00bb custom_padding=\u00a0\u00bb||17px|||\u00a0\u00bb][et_pb_column type=\u00a0\u00bb4_4&Prime; _builder_version=\u00a0\u00bb3.25&Prime; custom_padding=\u00a0\u00bb|||\u00a0\u00bb custom_padding__hover=\u00a0\u00bb|||\u00a0\u00bb][et_pb_text _builder_version=\u00a0\u00bb4.0.2&Prime; text_orientation=\u00a0\u00bbcenter\u00a0\u00bb]<\/p>\n<p style=\"text-align: center;\"><style type=\"text\/css\" id=\"umsMapStyles_1_31798\">\r\n\t#ultimate_maps_1_31798 {\r\n        width: 80%;\r\n        height: 400px;\r\n\t        border: 0px solid ;\r\n        margin: 0px;\r\n    }\r\n\t#mapsControlsNum_1_31798 {\r\n\t\twidth:100%\t}\r\n\t.umsMapDetailsContainer#umsMapDetailsContainer_1_31798 {\r\n\t\theight:400px;\r\n\t}\r\n\t.ums_MapPreview#ultimate_maps_1_31798 {\r\n\t\t\/*position:absolute;*\/\r\n\t\twidth:100%;\r\n\t}\r\n\t#mapConElem_1_31798{\r\n\t\twidth:80%\t}\r\n\t<\/style>\r\n<div class=\"ums_map_opts\" id=\"mapConElem_1_31798\" data-id=\"1\" data-view-id=\"1_31798\" > <div class=\"umsMapDetailsContainer\" id=\"umsMapDetailsContainer_1_31798\"> <i class=\"umsKMLLayersPreloader fa fa-spinner fa-spin\" aria-hidden=\"true\" style=\"display: none;\"><\/i> <div class=\"ums_MapPreview \" id=\"ultimate_maps_1_31798\"><\/div> <\/div> <div class=\"umsMapMarkerFilters\" id=\"umsMapMarkerFilters_1_31798\"> <\/div> <div class=\"umsMapProControlsCon\" id=\"umsMapProControlsCon_1_31798\"> <\/div> <div class=\"umsMapProDirectionsCon\" id=\"umsMapProDirectionsCon_1_31798\" > <\/div> <div class=\"umsMapProKmlFilterCon\" id=\"umsMapProKmlFilterCon_1_31798\" > <\/div> <div class=\"umsSocialSharingShell umsSocialSharingShell_1_31798\"> <\/div> <div style=\"clear: both;\"><\/div> <\/div> <\/p>\n<p>[\/et_pb_text][\/et_pb_column][\/et_pb_row][\/et_pb_section]<\/p>\n","protected":false},"excerpt":{"rendered":"<p>Me contacter T\u00e9l\u00e9phone : 06 84 70 03 10 Email : catherine.longepe.44@gmail.com Adresse : Quartier Solvardi\u00e8re 44800 Saint-Herblain Conform\u00e9ment \u00e0 la r\u00e9glementation RGPD, vos coordonn\u00e9es (t\u00e9l\u00e9phone &#8211; mail) seront collect\u00e9es uniquement afin de pouvoir vous transmettre des informations en lien avec votre demande. Vous pouvez \u00e0 tout moment demander \u00e0 \u00eatre ray\u00e9 des listes de [&hellip;]<\/p>\n","protected":false},"author":2,"featured_media":0,"parent":0,"menu_order":9,"comment_status":"closed","ping_status":"closed","template":"","meta":{"_et_pb_use_builder":"on","_et_pb_old_content":"","_et_gb_content_width":"","footnotes":""},"class_list":["post-126","page","type-page","status-publish","hentry"],"yoast_head":"<!-- This site is optimized with the Yoast SEO plugin v19.13 - https:\/\/yoast.com\/wordpress\/plugins\/seo\/ -->\n<title>Contact &amp; Inscription - Catherine LONGEPE<\/title>\n<meta name=\"robots\" content=\"index, follow, max-snippet:-1, max-image-preview:large, max-video-preview:-1\" \/>\n<link rel=\"canonical\" href=\"https:\/\/www.catherine-longepe.com\/index.php\/contact-inscription\/\" \/>\n<meta property=\"og:locale\" content=\"fr_FR\" \/>\n<meta property=\"og:type\" content=\"article\" \/>\n<meta property=\"og:title\" content=\"Contact &amp; Inscription - Catherine LONGEPE\" \/>\n<meta property=\"og:description\" content=\"Me contacter T\u00e9l\u00e9phone : 06 84 70 03 10 Email : catherine.longepe.44@gmail.com Adresse : Quartier Solvardi\u00e8re 44800 Saint-Herblain Conform\u00e9ment \u00e0 la r\u00e9glementation RGPD, vos coordonn\u00e9es (t\u00e9l\u00e9phone - mail) seront collect\u00e9es uniquement afin de pouvoir vous transmettre des informations en lien avec votre demande. Vous pouvez \u00e0 tout moment demander \u00e0 \u00eatre ray\u00e9 des listes de [&hellip;]\" \/>\n<meta property=\"og:url\" content=\"https:\/\/www.catherine-longepe.com\/index.php\/contact-inscription\/\" \/>\n<meta property=\"og:site_name\" content=\"Catherine LONGEPE\" \/>\n<meta property=\"article:modified_time\" content=\"2025-08-21T18:11:34+00:00\" \/>\n<meta name=\"twitter:card\" content=\"summary_large_image\" \/>\n<meta name=\"twitter:label1\" content=\"Dur\u00e9e de lecture estim\u00e9e\" \/>\n\t<meta name=\"twitter:data1\" content=\"1 minute\" \/>\n<script type=\"application\/ld+json\" class=\"yoast-schema-graph\">{\"@context\":\"https:\/\/schema.org\",\"@graph\":[{\"@type\":\"WebPage\",\"@id\":\"https:\/\/www.catherine-longepe.com\/index.php\/contact-inscription\/\",\"url\":\"https:\/\/www.catherine-longepe.com\/index.php\/contact-inscription\/\",\"name\":\"Contact & Inscription - Catherine LONGEPE\",\"isPartOf\":{\"@id\":\"https:\/\/www.catherine-longepe.com\/#website\"},\"datePublished\":\"2019-10-01T18:46:26+00:00\",\"dateModified\":\"2025-08-21T18:11:34+00:00\",\"breadcrumb\":{\"@id\":\"https:\/\/www.catherine-longepe.com\/index.php\/contact-inscription\/#breadcrumb\"},\"inLanguage\":\"fr-FR\",\"potentialAction\":[{\"@type\":\"ReadAction\",\"target\":[\"https:\/\/www.catherine-longepe.com\/index.php\/contact-inscription\/\"]}]},{\"@type\":\"BreadcrumbList\",\"@id\":\"https:\/\/www.catherine-longepe.com\/index.php\/contact-inscription\/#breadcrumb\",\"itemListElement\":[{\"@type\":\"ListItem\",\"position\":1,\"name\":\"Accueil\",\"item\":\"https:\/\/www.catherine-longepe.com\/\"},{\"@type\":\"ListItem\",\"position\":2,\"name\":\"Contact &#038; Inscription\"}]},{\"@type\":\"WebSite\",\"@id\":\"https:\/\/www.catherine-longepe.com\/#website\",\"url\":\"https:\/\/www.catherine-longepe.com\/\",\"name\":\"Catherine LONGEPE\",\"description\":\"\u00c0 la Recherche de l&#039;Essentiel\",\"potentialAction\":[{\"@type\":\"SearchAction\",\"target\":{\"@type\":\"EntryPoint\",\"urlTemplate\":\"https:\/\/www.catherine-longepe.com\/?s={search_term_string}\"},\"query-input\":\"required name=search_term_string\"}],\"inLanguage\":\"fr-FR\"}]}<\/script>\n<!-- \/ Yoast SEO plugin. -->","yoast_head_json":{"title":"Contact & Inscription - Catherine LONGEPE","robots":{"index":"index","follow":"follow","max-snippet":"max-snippet:-1","max-image-preview":"max-image-preview:large","max-video-preview":"max-video-preview:-1"},"canonical":"https:\/\/www.catherine-longepe.com\/index.php\/contact-inscription\/","og_locale":"fr_FR","og_type":"article","og_title":"Contact & Inscription - Catherine LONGEPE","og_description":"Me contacter T\u00e9l\u00e9phone : 06 84 70 03 10 Email : catherine.longepe.44@gmail.com Adresse : Quartier Solvardi\u00e8re 44800 Saint-Herblain Conform\u00e9ment \u00e0 la r\u00e9glementation RGPD, vos coordonn\u00e9es (t\u00e9l\u00e9phone - mail) seront collect\u00e9es uniquement afin de pouvoir vous transmettre des informations en lien avec votre demande. Vous pouvez \u00e0 tout moment demander \u00e0 \u00eatre ray\u00e9 des listes de [&hellip;]","og_url":"https:\/\/www.catherine-longepe.com\/index.php\/contact-inscription\/","og_site_name":"Catherine LONGEPE","article_modified_time":"2025-08-21T18:11:34+00:00","twitter_card":"summary_large_image","twitter_misc":{"Dur\u00e9e de lecture estim\u00e9e":"1 minute"},"schema":{"@context":"https:\/\/schema.org","@graph":[{"@type":"WebPage","@id":"https:\/\/www.catherine-longepe.com\/index.php\/contact-inscription\/","url":"https:\/\/www.catherine-longepe.com\/index.php\/contact-inscription\/","name":"Contact & Inscription - Catherine LONGEPE","isPartOf":{"@id":"https:\/\/www.catherine-longepe.com\/#website"},"datePublished":"2019-10-01T18:46:26+00:00","dateModified":"2025-08-21T18:11:34+00:00","breadcrumb":{"@id":"https:\/\/www.catherine-longepe.com\/index.php\/contact-inscription\/#breadcrumb"},"inLanguage":"fr-FR","potentialAction":[{"@type":"ReadAction","target":["https:\/\/www.catherine-longepe.com\/index.php\/contact-inscription\/"]}]},{"@type":"BreadcrumbList","@id":"https:\/\/www.catherine-longepe.com\/index.php\/contact-inscription\/#breadcrumb","itemListElement":[{"@type":"ListItem","position":1,"name":"Accueil","item":"https:\/\/www.catherine-longepe.com\/"},{"@type":"ListItem","position":2,"name":"Contact &#038; Inscription"}]},{"@type":"WebSite","@id":"https:\/\/www.catherine-longepe.com\/#website","url":"https:\/\/www.catherine-longepe.com\/","name":"Catherine LONGEPE","description":"\u00c0 la Recherche de l&#039;Essentiel","potentialAction":[{"@type":"SearchAction","target":{"@type":"EntryPoint","urlTemplate":"https:\/\/www.catherine-longepe.com\/?s={search_term_string}"},"query-input":"required name=search_term_string"}],"inLanguage":"fr-FR"}]}},"_links":{"self":[{"href":"https:\/\/www.catherine-longepe.com\/index.php\/wp-json\/wp\/v2\/pages\/126","targetHints":{"allow":["GET"]}}],"collection":[{"href":"https:\/\/www.catherine-longepe.com\/index.php\/wp-json\/wp\/v2\/pages"}],"about":[{"href":"https:\/\/www.catherine-longepe.com\/index.php\/wp-json\/wp\/v2\/types\/page"}],"author":[{"embeddable":true,"href":"https:\/\/www.catherine-longepe.com\/index.php\/wp-json\/wp\/v2\/users\/2"}],"replies":[{"embeddable":true,"href":"https:\/\/www.catherine-longepe.com\/index.php\/wp-json\/wp\/v2\/comments?post=126"}],"version-history":[{"count":34,"href":"https:\/\/www.catherine-longepe.com\/index.php\/wp-json\/wp\/v2\/pages\/126\/revisions"}],"predecessor-version":[{"id":806,"href":"https:\/\/www.catherine-longepe.com\/index.php\/wp-json\/wp\/v2\/pages\/126\/revisions\/806"}],"wp:attachment":[{"href":"https:\/\/www.catherine-longepe.com\/index.php\/wp-json\/wp\/v2\/media?parent=126"}],"curies":[{"name":"wp","href":"https:\/\/api.w.org\/{rel}","templated":true}]}}