{"id":16,"date":"2019-10-01T17:59:32","date_gmt":"2019-10-01T15:59:32","guid":{"rendered":"http:\/\/www.catherine-longepe.com\/?page_id=16"},"modified":"2025-08-21T20:11:33","modified_gmt":"2025-08-21T18:11:33","slug":"mon-parcours","status":"publish","type":"page","link":"https:\/\/www.catherine-longepe.com\/index.php\/mon-parcours\/","title":{"rendered":"Mon parcours"},"content":{"rendered":"<p>[et_pb_section fb_built=\u00a0\u00bb1&Prime; admin_label=\u00a0\u00bbsection\u00a0\u00bb _builder_version=\u00a0\u00bb4.16&Prime; global_colors_info=\u00a0\u00bb{}\u00a0\u00bb][et_pb_row _builder_version=\u00a0\u00bb4.16&Prime; global_colors_info=\u00a0\u00bb{}\u00a0\u00bb][et_pb_column type=\u00a0\u00bb4_4&Prime; _builder_version=\u00a0\u00bb4.16&Prime; global_colors_info=\u00a0\u00bb{}\u00a0\u00bb][et_pb_text _builder_version=\u00a0\u00bb4.16&Prime; header_2_text_color=\u00a0\u00bb#07878c\u00a0\u00bb text_orientation=\u00a0\u00bbcenter\u00a0\u00bb global_colors_info=\u00a0\u00bb{}\u00a0\u00bb]<\/p>\n<h2>Les m\u00e9thodes utilis\u00e9es<\/h2>\n<p>Ces techniques repr\u00e9sentent un art du bien-\u00eatre et de la sant\u00e9 issu du savoir ancestral des Ma\u00eetres de Samara, enrichi des connaissances scientifiques les plus modernes. M\u00e9thodes Psycho corporelles, Psychologie Essentielle, Techniques \u00c9nerg\u00e9tiques, Techniques Transg\u00e9n\u00e9rationnelles et Syst\u00e9miques, Techniques Manuelles Vert\u00e9brales et Articulaires, Massages \u00e9nerg\u00e9tiques, Soins Reiki Tao T\u00f6 Qi\u2026<\/p>\n<p>[\/et_pb_text][\/et_pb_column][\/et_pb_row][et_pb_row column_structure=\u00a0\u00bb1_2,1_2&Prime; admin_label=\u00a0\u00bbrow\u00a0\u00bb _builder_version=\u00a0\u00bb4.16&Prime; background_size=\u00a0\u00bbinitial\u00a0\u00bb background_position=\u00a0\u00bbtop_left\u00a0\u00bb background_repeat=\u00a0\u00bbrepeat\u00a0\u00bb global_colors_info=\u00a0\u00bb{}\u00a0\u00bb][et_pb_column type=\u00a0\u00bb1_2&Prime; _builder_version=\u00a0\u00bb4.16&Prime; custom_padding=\u00a0\u00bb|||\u00a0\u00bb global_colors_info=\u00a0\u00bb{}\u00a0\u00bb custom_padding__hover=\u00a0\u00bb|||\u00a0\u00bb][et_pb_image src=\u00a0\u00bbhttps:\/\/www.catherine-longepe.com\/wp-content\/uploads\/2021\/05\/Portrait-2021.jpg\u00a0\u00bb align=\u00a0\u00bbcenter\u00a0\u00bb _builder_version=\u00a0\u00bb4.16&Prime; width=\u00a0\u00bb70%\u00a0\u00bb custom_margin=\u00a0\u00bb|62px|-8px|||\u00a0\u00bb custom_padding=\u00a0\u00bb|0px|0px|||\u00a0\u00bb border_radii=\u00a0\u00bbon|60px|60px|60px|60px\u00a0\u00bb global_colors_info=\u00a0\u00bb{}\u00a0\u00bb][\/et_pb_image][\/et_pb_column][et_pb_column type=\u00a0\u00bb1_2&Prime; _builder_version=\u00a0\u00bb4.16&Prime; custom_padding=\u00a0\u00bb|||\u00a0\u00bb global_colors_info=\u00a0\u00bb{}\u00a0\u00bb custom_padding__hover=\u00a0\u00bb|||\u00a0\u00bb][et_pb_blurb title=\u00a0\u00bbCatherine\u00a0\u00bb admin_label=\u00a0\u00bbR\u00e9sum\u00e9\u00a0\u00bb _builder_version=\u00a0\u00bb4.17.4&Prime; header_text_color=\u00a0\u00bb#07878c\u00a0\u00bb body_text_align=\u00a0\u00bbjustify\u00a0\u00bb text_orientation=\u00a0\u00bbjustified\u00a0\u00bb custom_margin=\u00a0\u00bb|||12px||\u00a0\u00bb custom_padding=\u00a0\u00bb|||0px||\u00a0\u00bb global_colors_info=\u00a0\u00bb{}\u00a0\u00bb]<\/p>\n<p>Infirmi\u00e8re de formation initiale et directrice de cr\u00e8che depuis 30 ans, j&rsquo;ai commenc\u00e9 \u00e0 chercher il y a plus de 10 ans, des solutions alternatives et compl\u00e9mentaires aux m\u00e9thodes th\u00e9rapeutiques classiques.<br \/>\nMon parcours m&rsquo;a men\u00e9e vers des formations en communication relationnelle (M\u00e9thode ESPERE), \u00e0 m&rsquo;int\u00e9resser \u00e0 la PNL, \u00e0 l&rsquo;Enn\u00e9agramme et \u00e0 la Syst\u00e9mie.<\/p>\n<p>Cette recherche m&rsquo;a ensuite conduite \u00e0 exp\u00e9rimenter sur moi-m\u00eame des pratiques bas\u00e9es sur des connaissances traditionnelles occidentales, et orientales, issues des philosophies, arts, sciences et spiritualit\u00e9s populaires anciennes. Souhaitant partager ces pratiques b\u00e9n\u00e9fiques, j&rsquo;ai d\u00e9cid\u00e9 de me former au Coaching \u00c9nerg\u00e9tique, \u00e0 l&rsquo;animation de s\u00e9ances de Yoga, ainsi qu&rsquo;aux massages \u00e9nerg\u00e9tiques et au Re\u00efki.<\/p>\n<p>Riche de la transmission de ce savoir pr\u00e9cieux, je me propose de le partager \u00e0 chacun(e) qui aura \u00e0 c\u0153ur de prendre en main sa sant\u00e9, son bien \u00eatre et d&rsquo;am\u00e9liorer tous les aspects de sa vie !<\/p>\n<p>[\/et_pb_blurb][\/et_pb_column][\/et_pb_row][et_pb_row _builder_version=\u00a0\u00bb4.16&Prime; global_colors_info=\u00a0\u00bb{}\u00a0\u00bb][et_pb_column type=\u00a0\u00bb4_4&Prime; _builder_version=\u00a0\u00bb4.16&Prime; global_colors_info=\u00a0\u00bb{}\u00a0\u00bb][et_pb_text admin_label=\u00a0\u00bbTexte\u00a0\u00bb _builder_version=\u00a0\u00bb4.16&Prime; header_2_text_color=\u00a0\u00bb#07878c\u00a0\u00bb text_orientation=\u00a0\u00bbcenter\u00a0\u00bb global_colors_info=\u00a0\u00bb{}\u00a0\u00bb]<\/p>\n<h2>Mes activit\u00e9s<\/h2>\n<p>J&rsquo;accompagne mes clients dans diff\u00e9rents types d&rsquo;activit\u00e9s les aidant \u00e0 retrouver leur \u00e9quilibre et am\u00e9liorer leur sant\u00e9 physique et \u00e9motionnelle<\/p>\n<p>[\/et_pb_text][\/et_pb_column][\/et_pb_row][et_pb_row column_structure=\u00a0\u00bb1_5,1_5,1_5,1_5,1_5&Prime; _builder_version=\u00a0\u00bb4.16&Prime; global_colors_info=\u00a0\u00bb{}\u00a0\u00bb][et_pb_column type=\u00a0\u00bb1_5&Prime; _builder_version=\u00a0\u00bb4.16&Prime; global_colors_info=\u00a0\u00bb{}\u00a0\u00bb][et_pb_button button_url=\u00a0\u00bb@ET-DC@eyJkeW5hbWljIjp0cnVlLCJjb250ZW50IjoicG9zdF9saW5rX3VybF9wYWdlIiwic2V0dGluZ3MiOnsicG9zdF9pZCI6IjQzOSJ9fQ==@\u00a0\u00bb button_text=\u00a0\u00bbYoga de Samara\u00a0\u00bb button_alignment=\u00a0\u00bbcenter\u00a0\u00bb _builder_version=\u00a0\u00bb4.17.4&Prime; _dynamic_attributes=\u00a0\u00bbbutton_url\u00a0\u00bb global_colors_info=\u00a0\u00bb{}\u00a0\u00bb][\/et_pb_button][\/et_pb_column][et_pb_column type=\u00a0\u00bb1_5&Prime; _builder_version=\u00a0\u00bb4.16&Prime; global_colors_info=\u00a0\u00bb{}\u00a0\u00bb][et_pb_button button_url=\u00a0\u00bb@ET-DC@eyJkeW5hbWljIjp0cnVlLCJjb250ZW50IjoicG9zdF9saW5rX3VybF9wYWdlIiwic2V0dGluZ3MiOnsicG9zdF9pZCI6Ijc0MCJ9fQ==@\u00a0\u00bb button_text=\u00a0\u00bbLahore Nadi Yoga\u00a0\u00bb button_alignment=\u00a0\u00bbcenter\u00a0\u00bb _builder_version=\u00a0\u00bb4.17.4&Prime; _dynamic_attributes=\u00a0\u00bbbutton_url\u00a0\u00bb global_colors_info=\u00a0\u00bb{}\u00a0\u00bb][\/et_pb_button][\/et_pb_column][et_pb_column type=\u00a0\u00bb1_5&Prime; _builder_version=\u00a0\u00bb4.16&Prime; global_colors_info=\u00a0\u00bb{}\u00a0\u00bb][et_pb_button button_url=\u00a0\u00bb@ET-DC@eyJkeW5hbWljIjp0cnVlLCJjb250ZW50IjoicG9zdF9saW5rX3VybF9wYWdlIiwic2V0dGluZ3MiOnsicG9zdF9pZCI6IjY0MyJ9fQ==@\u00a0\u00bb button_text=\u00a0\u00bbMassages euphoniques\u00a0\u00bb button_alignment=\u00a0\u00bbcenter\u00a0\u00bb _builder_version=\u00a0\u00bb4.17.4&Prime; _dynamic_attributes=\u00a0\u00bbbutton_url\u00a0\u00bb custom_margin=\u00a0\u00bb|-23px||-32px||\u00a0\u00bb global_colors_info=\u00a0\u00bb{}\u00a0\u00bb][\/et_pb_button][\/et_pb_column][et_pb_column type=\u00a0\u00bb1_5&Prime; _builder_version=\u00a0\u00bb4.16&Prime; global_colors_info=\u00a0\u00bb{}\u00a0\u00bb][et_pb_button button_url=\u00a0\u00bb@ET-DC@eyJkeW5hbWljIjp0cnVlLCJjb250ZW50IjoicG9zdF9saW5rX3VybF9wYWdlIiwic2V0dGluZ3MiOnsicG9zdF9pZCI6IjQ0MSJ9fQ==@\u00a0\u00bb button_text=\u00a0\u00bbCoaching \u00e9nerg\u00e9tique\u00a0\u00bb button_alignment=\u00a0\u00bbcenter\u00a0\u00bb _builder_version=\u00a0\u00bb4.17.4&Prime; _dynamic_attributes=\u00a0\u00bbbutton_url\u00a0\u00bb global_colors_info=\u00a0\u00bb{}\u00a0\u00bb][\/et_pb_button][\/et_pb_column][et_pb_column type=\u00a0\u00bb1_5&Prime; _builder_version=\u00a0\u00bb4.16&Prime; global_colors_info=\u00a0\u00bb{}\u00a0\u00bb][et_pb_button button_url=\u00a0\u00bb@ET-DC@eyJkeW5hbWljIjp0cnVlLCJjb250ZW50IjoicG9zdF9saW5rX3VybF9wYWdlIiwic2V0dGluZ3MiOnsicG9zdF9pZCI6IjcwMSJ9fQ==@\u00a0\u00bb button_text=\u00a0\u00bbSoins Reiki Tao T\u00f6 Qi\u00a0\u00bb button_alignment=\u00a0\u00bbcenter\u00a0\u00bb _builder_version=\u00a0\u00bb4.17.4&Prime; _dynamic_attributes=\u00a0\u00bbbutton_url\u00a0\u00bb locked=\u00a0\u00bboff\u00a0\u00bb global_colors_info=\u00a0\u00bb{}\u00a0\u00bb][\/et_pb_button][\/et_pb_column][\/et_pb_row][\/et_pb_section]<\/p>\n","protected":false},"excerpt":{"rendered":"<p>Les m\u00e9thodes utilis\u00e9es Ces techniques repr\u00e9sentent un art du bien-\u00eatre et de la sant\u00e9 issu du savoir ancestral des Ma\u00eetres de Samara, enrichi des connaissances scientifiques les plus modernes. M\u00e9thodes Psycho corporelles, Psychologie Essentielle, Techniques \u00c9nerg\u00e9tiques, Techniques Transg\u00e9n\u00e9rationnelles et Syst\u00e9miques, Techniques Manuelles Vert\u00e9brales et Articulaires, Massages \u00e9nerg\u00e9tiques, Soins Reiki Tao T\u00f6 Qi\u2026 Infirmi\u00e8re de formation [&hellip;]<\/p>\n","protected":false},"author":2,"featured_media":0,"parent":0,"menu_order":1,"comment_status":"closed","ping_status":"closed","template":"","meta":{"_et_pb_use_builder":"on","_et_pb_old_content":"","_et_gb_content_width":"","footnotes":""},"class_list":["post-16","page","type-page","status-publish","hentry"],"yoast_head":"<!-- This site is optimized with the Yoast SEO plugin v19.13 - https:\/\/yoast.com\/wordpress\/plugins\/seo\/ -->\n<title>Mon parcours - Catherine LONGEPE<\/title>\n<meta name=\"robots\" content=\"index, follow, max-snippet:-1, max-image-preview:large, max-video-preview:-1\" \/>\n<link rel=\"canonical\" href=\"https:\/\/www.catherine-longepe.com\/index.php\/mon-parcours\/\" \/>\n<meta property=\"og:locale\" content=\"fr_FR\" \/>\n<meta property=\"og:type\" content=\"article\" \/>\n<meta property=\"og:title\" content=\"Mon parcours - Catherine LONGEPE\" \/>\n<meta property=\"og:description\" content=\"Les m\u00e9thodes utilis\u00e9es Ces techniques repr\u00e9sentent un art du bien-\u00eatre et de la sant\u00e9 issu du savoir ancestral des Ma\u00eetres de Samara, enrichi des connaissances scientifiques les plus modernes. M\u00e9thodes Psycho corporelles, Psychologie Essentielle, Techniques \u00c9nerg\u00e9tiques, Techniques Transg\u00e9n\u00e9rationnelles et Syst\u00e9miques, Techniques Manuelles Vert\u00e9brales et Articulaires, Massages \u00e9nerg\u00e9tiques, Soins Reiki Tao T\u00f6 Qi\u2026 Infirmi\u00e8re de formation [&hellip;]\" \/>\n<meta property=\"og:url\" content=\"https:\/\/www.catherine-longepe.com\/index.php\/mon-parcours\/\" \/>\n<meta property=\"og:site_name\" content=\"Catherine LONGEPE\" \/>\n<meta property=\"article:modified_time\" content=\"2025-08-21T18:11:33+00:00\" \/>\n<meta name=\"twitter:card\" content=\"summary_large_image\" \/>\n<meta name=\"twitter:label1\" content=\"Dur\u00e9e de lecture estim\u00e9e\" \/>\n\t<meta name=\"twitter:data1\" content=\"2 minutes\" \/>\n<script type=\"application\/ld+json\" class=\"yoast-schema-graph\">{\"@context\":\"https:\/\/schema.org\",\"@graph\":[{\"@type\":\"WebPage\",\"@id\":\"https:\/\/www.catherine-longepe.com\/index.php\/mon-parcours\/\",\"url\":\"https:\/\/www.catherine-longepe.com\/index.php\/mon-parcours\/\",\"name\":\"Mon parcours - Catherine LONGEPE\",\"isPartOf\":{\"@id\":\"https:\/\/www.catherine-longepe.com\/#website\"},\"datePublished\":\"2019-10-01T15:59:32+00:00\",\"dateModified\":\"2025-08-21T18:11:33+00:00\",\"breadcrumb\":{\"@id\":\"https:\/\/www.catherine-longepe.com\/index.php\/mon-parcours\/#breadcrumb\"},\"inLanguage\":\"fr-FR\",\"potentialAction\":[{\"@type\":\"ReadAction\",\"target\":[\"https:\/\/www.catherine-longepe.com\/index.php\/mon-parcours\/\"]}]},{\"@type\":\"BreadcrumbList\",\"@id\":\"https:\/\/www.catherine-longepe.com\/index.php\/mon-parcours\/#breadcrumb\",\"itemListElement\":[{\"@type\":\"ListItem\",\"position\":1,\"name\":\"Accueil\",\"item\":\"https:\/\/www.catherine-longepe.com\/\"},{\"@type\":\"ListItem\",\"position\":2,\"name\":\"Mon parcours\"}]},{\"@type\":\"WebSite\",\"@id\":\"https:\/\/www.catherine-longepe.com\/#website\",\"url\":\"https:\/\/www.catherine-longepe.com\/\",\"name\":\"Catherine LONGEPE\",\"description\":\"\u00c0 la Recherche de l&#039;Essentiel\",\"potentialAction\":[{\"@type\":\"SearchAction\",\"target\":{\"@type\":\"EntryPoint\",\"urlTemplate\":\"https:\/\/www.catherine-longepe.com\/?s={search_term_string}\"},\"query-input\":\"required name=search_term_string\"}],\"inLanguage\":\"fr-FR\"}]}<\/script>\n<!-- \/ Yoast SEO plugin. -->","yoast_head_json":{"title":"Mon parcours - Catherine LONGEPE","robots":{"index":"index","follow":"follow","max-snippet":"max-snippet:-1","max-image-preview":"max-image-preview:large","max-video-preview":"max-video-preview:-1"},"canonical":"https:\/\/www.catherine-longepe.com\/index.php\/mon-parcours\/","og_locale":"fr_FR","og_type":"article","og_title":"Mon parcours - Catherine LONGEPE","og_description":"Les m\u00e9thodes utilis\u00e9es Ces techniques repr\u00e9sentent un art du bien-\u00eatre et de la sant\u00e9 issu du savoir ancestral des Ma\u00eetres de Samara, enrichi des connaissances scientifiques les plus modernes. M\u00e9thodes Psycho corporelles, Psychologie Essentielle, Techniques \u00c9nerg\u00e9tiques, Techniques Transg\u00e9n\u00e9rationnelles et Syst\u00e9miques, Techniques Manuelles Vert\u00e9brales et Articulaires, Massages \u00e9nerg\u00e9tiques, Soins Reiki Tao T\u00f6 Qi\u2026 Infirmi\u00e8re de formation [&hellip;]","og_url":"https:\/\/www.catherine-longepe.com\/index.php\/mon-parcours\/","og_site_name":"Catherine LONGEPE","article_modified_time":"2025-08-21T18:11:33+00:00","twitter_card":"summary_large_image","twitter_misc":{"Dur\u00e9e de lecture estim\u00e9e":"2 minutes"},"schema":{"@context":"https:\/\/schema.org","@graph":[{"@type":"WebPage","@id":"https:\/\/www.catherine-longepe.com\/index.php\/mon-parcours\/","url":"https:\/\/www.catherine-longepe.com\/index.php\/mon-parcours\/","name":"Mon parcours - Catherine LONGEPE","isPartOf":{"@id":"https:\/\/www.catherine-longepe.com\/#website"},"datePublished":"2019-10-01T15:59:32+00:00","dateModified":"2025-08-21T18:11:33+00:00","breadcrumb":{"@id":"https:\/\/www.catherine-longepe.com\/index.php\/mon-parcours\/#breadcrumb"},"inLanguage":"fr-FR","potentialAction":[{"@type":"ReadAction","target":["https:\/\/www.catherine-longepe.com\/index.php\/mon-parcours\/"]}]},{"@type":"BreadcrumbList","@id":"https:\/\/www.catherine-longepe.com\/index.php\/mon-parcours\/#breadcrumb","itemListElement":[{"@type":"ListItem","position":1,"name":"Accueil","item":"https:\/\/www.catherine-longepe.com\/"},{"@type":"ListItem","position":2,"name":"Mon parcours"}]},{"@type":"WebSite","@id":"https:\/\/www.catherine-longepe.com\/#website","url":"https:\/\/www.catherine-longepe.com\/","name":"Catherine LONGEPE","description":"\u00c0 la Recherche de l&#039;Essentiel","potentialAction":[{"@type":"SearchAction","target":{"@type":"EntryPoint","urlTemplate":"https:\/\/www.catherine-longepe.com\/?s={search_term_string}"},"query-input":"required name=search_term_string"}],"inLanguage":"fr-FR"}]}},"_links":{"self":[{"href":"https:\/\/www.catherine-longepe.com\/index.php\/wp-json\/wp\/v2\/pages\/16","targetHints":{"allow":["GET"]}}],"collection":[{"href":"https:\/\/www.catherine-longepe.com\/index.php\/wp-json\/wp\/v2\/pages"}],"about":[{"href":"https:\/\/www.catherine-longepe.com\/index.php\/wp-json\/wp\/v2\/types\/page"}],"author":[{"embeddable":true,"href":"https:\/\/www.catherine-longepe.com\/index.php\/wp-json\/wp\/v2\/users\/2"}],"replies":[{"embeddable":true,"href":"https:\/\/www.catherine-longepe.com\/index.php\/wp-json\/wp\/v2\/comments?post=16"}],"version-history":[{"count":30,"href":"https:\/\/www.catherine-longepe.com\/index.php\/wp-json\/wp\/v2\/pages\/16\/revisions"}],"predecessor-version":[{"id":808,"href":"https:\/\/www.catherine-longepe.com\/index.php\/wp-json\/wp\/v2\/pages\/16\/revisions\/808"}],"wp:attachment":[{"href":"https:\/\/www.catherine-longepe.com\/index.php\/wp-json\/wp\/v2\/media?parent=16"}],"curies":[{"name":"wp","href":"https:\/\/api.w.org\/{rel}","templated":true}]}}