{"id":439,"date":"2019-10-19T22:47:08","date_gmt":"2019-10-19T20:47:08","guid":{"rendered":"https:\/\/www.catherine-longepe.com\/?page_id=439"},"modified":"2025-08-21T20:34:34","modified_gmt":"2025-08-21T18:34:34","slug":"yoga-de-samara","status":"publish","type":"page","link":"https:\/\/www.catherine-longepe.com\/index.php\/yoga-de-samara\/","title":{"rendered":"Yoga de Samara"},"content":{"rendered":"<p>[et_pb_section fb_built=\u00a0\u00bb1&Prime; _builder_version=\u00a0\u00bb4.16&Prime; custom_padding=\u00a0\u00bb|0px||||\u00a0\u00bb global_colors_info=\u00a0\u00bb{}\u00a0\u00bb][et_pb_row column_structure=\u00a0\u00bb2_5,3_5&Prime; _builder_version=\u00a0\u00bb4.16&Prime; global_colors_info=\u00a0\u00bb{}\u00a0\u00bb][et_pb_column type=\u00a0\u00bb2_5&Prime; _builder_version=\u00a0\u00bb4.16&Prime; global_colors_info=\u00a0\u00bb{}\u00a0\u00bb][et_pb_slider _builder_version=\u00a0\u00bb4.16&Prime; background_color=\u00a0\u00bbrgba(0,0,0,0)\u00a0\u00bb min_height=\u00a0\u00bb350px\u00a0\u00bb custom_padding=\u00a0\u00bb||39px|||\u00a0\u00bb animation_style=\u00a0\u00bbslide\u00a0\u00bb auto=\u00a0\u00bbon\u00a0\u00bb border_radii_image=\u00a0\u00bbon|20px|20px|20px|20px\u00a0\u00bb global_colors_info=\u00a0\u00bb{}\u00a0\u00bb][et_pb_slide image=\u00a0\u00bbhttps:\/\/www.catherine-longepe.com\/wp-content\/uploads\/2020\/03\/46684275902_f5867e0e44_c.jpg\u00a0\u00bb _builder_version=\u00a0\u00bb4.16&Prime; global_colors_info=\u00a0\u00bb{}\u00a0\u00bb sticky_transition=\u00a0\u00bbon\u00a0\u00bb][\/et_pb_slide][et_pb_slide image=\u00a0\u00bbhttps:\/\/www.catherine-longepe.com\/wp-content\/uploads\/2020\/03\/41882573410_30d602db27_c.jpg\u00a0\u00bb _builder_version=\u00a0\u00bb4.16&Prime; global_colors_info=\u00a0\u00bb{}\u00a0\u00bb sticky_transition=\u00a0\u00bbon\u00a0\u00bb][\/et_pb_slide][et_pb_slide image=\u00a0\u00bbhttps:\/\/www.catherine-longepe.com\/wp-content\/uploads\/2020\/03\/42784333845_3150c876a1_c.jpg\u00a0\u00bb _builder_version=\u00a0\u00bb4.16&Prime; global_colors_info=\u00a0\u00bb{}\u00a0\u00bb sticky_transition=\u00a0\u00bbon\u00a0\u00bb][\/et_pb_slide][et_pb_slide image=\u00a0\u00bbhttps:\/\/www.catherine-longepe.com\/wp-content\/uploads\/2019\/10\/m\u00e9ditation.jpg\u00a0\u00bb _builder_version=\u00a0\u00bb4.16&Prime; global_colors_info=\u00a0\u00bb{}\u00a0\u00bb sticky_transition=\u00a0\u00bbon\u00a0\u00bb][\/et_pb_slide][\/et_pb_slider][\/et_pb_column][et_pb_column type=\u00a0\u00bb3_5&Prime; _builder_version=\u00a0\u00bb4.16&Prime; global_colors_info=\u00a0\u00bb{}\u00a0\u00bb][et_pb_text _builder_version=\u00a0\u00bb4.16&Prime; text_orientation=\u00a0\u00bbjustified\u00a0\u00bb global_colors_info=\u00a0\u00bb{}\u00a0\u00bb]<\/p>\n<h2>Yoga de Samara<\/h2>\n<p>C\u2019est une pratique corporelle douce, qui a des effets bienfaisants sur les diff\u00e9rents syst\u00e8mes du corps, sur le fonctionnement des organes, sur l\u2019\u00e9tat musculaire, la concentration, la m\u00e9moire, le sommeil, en fait sur tout l\u2019\u00e9quilibre physique et psychologique. Ses effets sont remarquables sur le stress, ce stress qui affecte aujourd\u2019hui chacun d\u2019entre nous.<br \/>\nL\u2019\u00e9l\u00e9ment fondamental de la pratique qui va permettre cette transformation b\u00e9n\u00e9fique est l\u2019attention : \u00e0 ses gestes, \u00e0 ses postures, \u00e0 sa respiration ; attention aux \u00e9motions qui surviennent, aux pens\u00e9es\u2026 La pratique des mouvements euphoniques est, en effet, l\u2019occasion privil\u00e9gi\u00e9e de revenir \u00e0 soi, d\u2019entrer en soi dans un lieu calme, o\u00f9 l\u2019on n\u2019est plus perturb\u00e9 par ses sensations, ses \u00e9motions, ses pens\u00e9es et o\u00f9 l\u2019on contacte sa propre vitalit\u00e9, qui redonne joie et enthousiasme.<br \/>\n[\/et_pb_text][et_pb_button button_url=\u00a0\u00bb@ET-DC@eyJkeW5hbWljIjp0cnVlLCJjb250ZW50IjoicG9zdF9saW5rX3VybF9wYWdlIiwic2V0dGluZ3MiOnsicG9zdF9pZCI6IjEyNiJ9fQ==@\u00a0\u00bb button_text=\u00a0\u00bbM&rsquo;inscrire\u00a0\u00bb button_alignment=\u00a0\u00bbleft\u00a0\u00bb _builder_version=\u00a0\u00bb4.16&Prime; _dynamic_attributes=\u00a0\u00bbbutton_url\u00a0\u00bb global_colors_info=\u00a0\u00bb{}\u00a0\u00bb][\/et_pb_button][\/et_pb_column][\/et_pb_row][et_pb_row column_structure=\u00a0\u00bb1_2,1_2&Prime; _builder_version=\u00a0\u00bb4.16&Prime; max_height=\u00a0\u00bb50px\u00a0\u00bb global_colors_info=\u00a0\u00bb{}\u00a0\u00bb][et_pb_column type=\u00a0\u00bb1_2&Prime; _builder_version=\u00a0\u00bb4.16&Prime; global_colors_info=\u00a0\u00bb{}\u00a0\u00bb][et_pb_text _builder_version=\u00a0\u00bb4.16&Prime; text_orientation=\u00a0\u00bbcenter\u00a0\u00bb global_colors_info=\u00a0\u00bb{}\u00a0\u00bb]<\/p>\n<h3>O\u00f9 Pratiquer<\/h3>\n<p>[\/et_pb_text][\/et_pb_column][et_pb_column type=\u00a0\u00bb1_2&Prime; _builder_version=\u00a0\u00bb4.16&Prime; global_colors_info=\u00a0\u00bb{}\u00a0\u00bb][et_pb_text _builder_version=\u00a0\u00bb4.16&Prime; text_orientation=\u00a0\u00bbcenter\u00a0\u00bb global_colors_info=\u00a0\u00bb{}\u00a0\u00bb]<\/p>\n<h3>Tarifs de la pratique du Yoga<\/h3>\n<p>[\/et_pb_text][\/et_pb_column][\/et_pb_row][et_pb_row column_structure=\u00a0\u00bb1_4,1_4,1_2&Prime; _builder_version=\u00a0\u00bb4.16&Prime; custom_padding=\u00a0\u00bb||23px|||\u00a0\u00bb global_colors_info=\u00a0\u00bb{}\u00a0\u00bb][et_pb_column type=\u00a0\u00bb1_4&Prime; _builder_version=\u00a0\u00bb4.16&Prime; global_colors_info=\u00a0\u00bb{}\u00a0\u00bb][et_pb_text admin_label=\u00a0\u00bbTexte\u00a0\u00bb _builder_version=\u00a0\u00bb4.18.0&Prime; text_orientation=\u00a0\u00bbcenter\u00a0\u00bb custom_padding=\u00a0\u00bb||0px|||\u00a0\u00bb global_colors_info=\u00a0\u00bb{}\u00a0\u00bb]<\/p>\n<h4>Le lundi soir<br \/>\n\u00e0 18h00<\/h4>\n<p>&nbsp;<\/p>\n<p>&nbsp;<\/p>\n<p>&nbsp;<br \/>\n[\/et_pb_text][et_pb_text _builder_version=\u00a0\u00bb4.17.4&Prime; _module_preset=\u00a0\u00bbdefault\u00a0\u00bb custom_margin=\u00a0\u00bb|-335px||||\u00a0\u00bb global_colors_info=\u00a0\u00bb{}\u00a0\u00bb]<\/p>\n<p style=\"text-align: center;\">Salle Atlantic Danse Club<br \/>\n4 avenue du Saint Laurent<br \/>\n44800 SAINT HERBLAIN<\/p>\n<p>[\/et_pb_text][\/et_pb_column][et_pb_column type=\u00a0\u00bb1_4&Prime; _builder_version=\u00a0\u00bb4.16&Prime; global_colors_info=\u00a0\u00bb{}\u00a0\u00bb][et_pb_text admin_label=\u00a0\u00bbTexte\u00a0\u00bb _builder_version=\u00a0\u00bb4.18.0&Prime; text_orientation=\u00a0\u00bbcenter\u00a0\u00bb custom_margin=\u00a0\u00bb||-20px|||\u00a0\u00bb global_colors_info=\u00a0\u00bb{}\u00a0\u00bb]<\/p>\n<h4>Les 1er et 4\u00e8me<br \/>\nSamedis du mois<br \/>\n\u00e0 10h30<\/h4>\n<p>&nbsp;<br \/>\n[\/et_pb_text][\/et_pb_column][et_pb_column type=\u00a0\u00bb1_2&Prime; _builder_version=\u00a0\u00bb4.16&Prime; global_colors_info=\u00a0\u00bb{}\u00a0\u00bb][et_pb_text _builder_version=\u00a0\u00bb4.16&Prime; global_colors_info=\u00a0\u00bb{}\u00a0\u00bb]<\/p>\n<ul>\n<li>Abonnement annuel : 245 \u20ac<\/li>\n<li>A la s\u00e9ance : 12 \u20ac<\/li>\n<li>Carte de 10 s\u00e9ances : 100 \u20ac<\/li>\n<li>Adh\u00e9sion annuelle \u00e0 l\u2019Association \u201cA la recherche de l\u2019Essentiel\u201d : 10 \u20ac<\/li>\n<\/ul>\n<p>[\/et_pb_text][\/et_pb_column][\/et_pb_row][\/et_pb_section]<\/p>\n","protected":false},"excerpt":{"rendered":"<p>Yoga de Samara C\u2019est une pratique corporelle douce, qui a des effets bienfaisants sur les diff\u00e9rents syst\u00e8mes du corps, sur le fonctionnement des organes, sur l\u2019\u00e9tat musculaire, la concentration, la m\u00e9moire, le sommeil, en fait sur tout l\u2019\u00e9quilibre physique et psychologique. Ses effets sont remarquables sur le stress, ce stress qui affecte aujourd\u2019hui chacun d\u2019entre [&hellip;]<\/p>\n","protected":false},"author":2,"featured_media":0,"parent":0,"menu_order":0,"comment_status":"closed","ping_status":"closed","template":"","meta":{"_et_pb_use_builder":"on","_et_pb_old_content":"","_et_gb_content_width":"","footnotes":""},"class_list":["post-439","page","type-page","status-publish","hentry"],"yoast_head":"<!-- This site is optimized with the Yoast SEO plugin v19.13 - https:\/\/yoast.com\/wordpress\/plugins\/seo\/ -->\n<title>Yoga de Samara - Catherine LONGEPE<\/title>\n<meta name=\"robots\" content=\"index, follow, max-snippet:-1, max-image-preview:large, max-video-preview:-1\" \/>\n<link rel=\"canonical\" href=\"https:\/\/www.catherine-longepe.com\/index.php\/yoga-de-samara\/\" \/>\n<meta property=\"og:locale\" content=\"fr_FR\" \/>\n<meta property=\"og:type\" content=\"article\" \/>\n<meta property=\"og:title\" content=\"Yoga de Samara - Catherine LONGEPE\" \/>\n<meta property=\"og:description\" content=\"Yoga de Samara C\u2019est une pratique corporelle douce, qui a des effets bienfaisants sur les diff\u00e9rents syst\u00e8mes du corps, sur le fonctionnement des organes, sur l\u2019\u00e9tat musculaire, la concentration, la m\u00e9moire, le sommeil, en fait sur tout l\u2019\u00e9quilibre physique et psychologique. Ses effets sont remarquables sur le stress, ce stress qui affecte aujourd\u2019hui chacun d\u2019entre [&hellip;]\" \/>\n<meta property=\"og:url\" content=\"https:\/\/www.catherine-longepe.com\/index.php\/yoga-de-samara\/\" \/>\n<meta property=\"og:site_name\" content=\"Catherine LONGEPE\" \/>\n<meta property=\"article:modified_time\" content=\"2025-08-21T18:34:34+00:00\" \/>\n<meta name=\"twitter:card\" content=\"summary_large_image\" \/>\n<meta name=\"twitter:label1\" content=\"Dur\u00e9e de lecture estim\u00e9e\" \/>\n\t<meta name=\"twitter:data1\" content=\"2 minutes\" \/>\n<script type=\"application\/ld+json\" class=\"yoast-schema-graph\">{\"@context\":\"https:\/\/schema.org\",\"@graph\":[{\"@type\":\"WebPage\",\"@id\":\"https:\/\/www.catherine-longepe.com\/index.php\/yoga-de-samara\/\",\"url\":\"https:\/\/www.catherine-longepe.com\/index.php\/yoga-de-samara\/\",\"name\":\"Yoga de Samara - Catherine LONGEPE\",\"isPartOf\":{\"@id\":\"https:\/\/www.catherine-longepe.com\/#website\"},\"datePublished\":\"2019-10-19T20:47:08+00:00\",\"dateModified\":\"2025-08-21T18:34:34+00:00\",\"breadcrumb\":{\"@id\":\"https:\/\/www.catherine-longepe.com\/index.php\/yoga-de-samara\/#breadcrumb\"},\"inLanguage\":\"fr-FR\",\"potentialAction\":[{\"@type\":\"ReadAction\",\"target\":[\"https:\/\/www.catherine-longepe.com\/index.php\/yoga-de-samara\/\"]}]},{\"@type\":\"BreadcrumbList\",\"@id\":\"https:\/\/www.catherine-longepe.com\/index.php\/yoga-de-samara\/#breadcrumb\",\"itemListElement\":[{\"@type\":\"ListItem\",\"position\":1,\"name\":\"Accueil\",\"item\":\"https:\/\/www.catherine-longepe.com\/\"},{\"@type\":\"ListItem\",\"position\":2,\"name\":\"Yoga de Samara\"}]},{\"@type\":\"WebSite\",\"@id\":\"https:\/\/www.catherine-longepe.com\/#website\",\"url\":\"https:\/\/www.catherine-longepe.com\/\",\"name\":\"Catherine LONGEPE\",\"description\":\"\u00c0 la Recherche de l&#039;Essentiel\",\"potentialAction\":[{\"@type\":\"SearchAction\",\"target\":{\"@type\":\"EntryPoint\",\"urlTemplate\":\"https:\/\/www.catherine-longepe.com\/?s={search_term_string}\"},\"query-input\":\"required name=search_term_string\"}],\"inLanguage\":\"fr-FR\"}]}<\/script>\n<!-- \/ Yoast SEO plugin. -->","yoast_head_json":{"title":"Yoga de Samara - Catherine LONGEPE","robots":{"index":"index","follow":"follow","max-snippet":"max-snippet:-1","max-image-preview":"max-image-preview:large","max-video-preview":"max-video-preview:-1"},"canonical":"https:\/\/www.catherine-longepe.com\/index.php\/yoga-de-samara\/","og_locale":"fr_FR","og_type":"article","og_title":"Yoga de Samara - Catherine LONGEPE","og_description":"Yoga de Samara C\u2019est une pratique corporelle douce, qui a des effets bienfaisants sur les diff\u00e9rents syst\u00e8mes du corps, sur le fonctionnement des organes, sur l\u2019\u00e9tat musculaire, la concentration, la m\u00e9moire, le sommeil, en fait sur tout l\u2019\u00e9quilibre physique et psychologique. Ses effets sont remarquables sur le stress, ce stress qui affecte aujourd\u2019hui chacun d\u2019entre [&hellip;]","og_url":"https:\/\/www.catherine-longepe.com\/index.php\/yoga-de-samara\/","og_site_name":"Catherine LONGEPE","article_modified_time":"2025-08-21T18:34:34+00:00","twitter_card":"summary_large_image","twitter_misc":{"Dur\u00e9e de lecture estim\u00e9e":"2 minutes"},"schema":{"@context":"https:\/\/schema.org","@graph":[{"@type":"WebPage","@id":"https:\/\/www.catherine-longepe.com\/index.php\/yoga-de-samara\/","url":"https:\/\/www.catherine-longepe.com\/index.php\/yoga-de-samara\/","name":"Yoga de Samara - Catherine LONGEPE","isPartOf":{"@id":"https:\/\/www.catherine-longepe.com\/#website"},"datePublished":"2019-10-19T20:47:08+00:00","dateModified":"2025-08-21T18:34:34+00:00","breadcrumb":{"@id":"https:\/\/www.catherine-longepe.com\/index.php\/yoga-de-samara\/#breadcrumb"},"inLanguage":"fr-FR","potentialAction":[{"@type":"ReadAction","target":["https:\/\/www.catherine-longepe.com\/index.php\/yoga-de-samara\/"]}]},{"@type":"BreadcrumbList","@id":"https:\/\/www.catherine-longepe.com\/index.php\/yoga-de-samara\/#breadcrumb","itemListElement":[{"@type":"ListItem","position":1,"name":"Accueil","item":"https:\/\/www.catherine-longepe.com\/"},{"@type":"ListItem","position":2,"name":"Yoga de Samara"}]},{"@type":"WebSite","@id":"https:\/\/www.catherine-longepe.com\/#website","url":"https:\/\/www.catherine-longepe.com\/","name":"Catherine LONGEPE","description":"\u00c0 la Recherche de l&#039;Essentiel","potentialAction":[{"@type":"SearchAction","target":{"@type":"EntryPoint","urlTemplate":"https:\/\/www.catherine-longepe.com\/?s={search_term_string}"},"query-input":"required name=search_term_string"}],"inLanguage":"fr-FR"}]}},"_links":{"self":[{"href":"https:\/\/www.catherine-longepe.com\/index.php\/wp-json\/wp\/v2\/pages\/439","targetHints":{"allow":["GET"]}}],"collection":[{"href":"https:\/\/www.catherine-longepe.com\/index.php\/wp-json\/wp\/v2\/pages"}],"about":[{"href":"https:\/\/www.catherine-longepe.com\/index.php\/wp-json\/wp\/v2\/types\/page"}],"author":[{"embeddable":true,"href":"https:\/\/www.catherine-longepe.com\/index.php\/wp-json\/wp\/v2\/users\/2"}],"replies":[{"embeddable":true,"href":"https:\/\/www.catherine-longepe.com\/index.php\/wp-json\/wp\/v2\/comments?post=439"}],"version-history":[{"count":26,"href":"https:\/\/www.catherine-longepe.com\/index.php\/wp-json\/wp\/v2\/pages\/439\/revisions"}],"predecessor-version":[{"id":817,"href":"https:\/\/www.catherine-longepe.com\/index.php\/wp-json\/wp\/v2\/pages\/439\/revisions\/817"}],"wp:attachment":[{"href":"https:\/\/www.catherine-longepe.com\/index.php\/wp-json\/wp\/v2\/media?parent=439"}],"curies":[{"name":"wp","href":"https:\/\/api.w.org\/{rel}","templated":true}]}}