{"id":441,"date":"2019-10-19T22:50:43","date_gmt":"2019-10-19T20:50:43","guid":{"rendered":"https:\/\/www.catherine-longepe.com\/?page_id=441"},"modified":"2025-08-21T20:11:30","modified_gmt":"2025-08-21T18:11:30","slug":"coaching-energetique","status":"publish","type":"page","link":"https:\/\/www.catherine-longepe.com\/index.php\/coaching-energetique\/","title":{"rendered":"Coaching \u00e9nerg\u00e9tique"},"content":{"rendered":"<p>[et_pb_section fb_built=\u00a0\u00bb1&Prime; _builder_version=\u00a0\u00bb4.0.2&Prime;][et_pb_row column_structure=\u00a0\u00bb2_5,3_5&Prime; _builder_version=\u00a0\u00bb4.0.2&Prime;][et_pb_column type=\u00a0\u00bb2_5&Prime; _builder_version=\u00a0\u00bb4.0.2&Prime;][et_pb_gallery gallery_ids=\u00a0\u00bb151,150&Prime; fullwidth=\u00a0\u00bbon\u00a0\u00bb admin_label=\u00a0\u00bbGalerie\u00a0\u00bb _builder_version=\u00a0\u00bb4.0.2&Prime;][\/et_pb_gallery][\/et_pb_column][et_pb_column type=\u00a0\u00bb3_5&Prime; _builder_version=\u00a0\u00bb4.0.2&Prime;][et_pb_text _builder_version=\u00a0\u00bb4.0.2&Prime; text_orientation=\u00a0\u00bbjustified\u00a0\u00bb hover_enabled=\u00a0\u00bb0&Prime;]<\/p>\n<h2>Coaching \u00e9nerg\u00e9tique<\/h2>\n<p>C\u2019est un accompagnement en lien avec le bien-\u00eatre et \u00e0 la sant\u00e9. Il intervient en compl\u00e9ment des autres traitements et m\u00e9thodes traditionnelles et non en concurrence.<br \/>\nLes techniques utilis\u00e9es sont diverses : des Techniques \u00e9nerg\u00e9tiques, de la psychologie de l&rsquo;Enn\u00e9agramme, des m\u00e9ditations guid\u00e9es, de la nouvelle Psychologie Spirituelle et \u00e9galement des connaissances en lien avec les techniques transg\u00e9n\u00e9rationnelles et syst\u00e9miques.<br \/>\nCes m\u00e9thodes de sant\u00e9 et de bien-\u00eatre sont parmi les plus accessibles et les plus efficaces dans des domaines aussi diff\u00e9rents que la sant\u00e9, les relations, l\u2018\u00e9nerg\u00e9tique, le d\u00e9veloppement personnel, syst\u00e9mique et spirituel.<\/p>\n<p>[\/et_pb_text][et_pb_button button_url=\u00a0\u00bb@ET-DC@eyJkeW5hbWljIjp0cnVlLCJjb250ZW50IjoicG9zdF9saW5rX3VybF9wYWdlIiwic2V0dGluZ3MiOnsicG9zdF9pZCI6IjEyNiJ9fQ==@\u00a0\u00bb button_text=\u00a0\u00bbPrendre rendez-vous\u00a0\u00bb button_alignment=\u00a0\u00bbleft\u00a0\u00bb _builder_version=\u00a0\u00bb4.0.2&Prime; _dynamic_attributes=\u00a0\u00bbbutton_url\u00a0\u00bb][\/et_pb_button][\/et_pb_column][\/et_pb_row][et_pb_row column_structure=\u00a0\u00bb1_2,1_2&Prime; _builder_version=\u00a0\u00bb4.0.2&Prime; max_height=\u00a0\u00bb50px\u00a0\u00bb][et_pb_column type=\u00a0\u00bb1_2&Prime; _builder_version=\u00a0\u00bb4.0.2&Prime;][et_pb_text _builder_version=\u00a0\u00bb4.0.2&Prime; text_orientation=\u00a0\u00bbcenter\u00a0\u00bb]<\/p>\n<h3>O\u00f9 Consulter<\/h3>\n<p>[\/et_pb_text][\/et_pb_column][et_pb_column type=\u00a0\u00bb1_2&Prime; _builder_version=\u00a0\u00bb4.0.2&Prime;][et_pb_text _builder_version=\u00a0\u00bb4.0.2&Prime; text_orientation=\u00a0\u00bbcenter\u00a0\u00bb]<\/p>\n<h3>Tarifs Consultation individuelle<\/h3>\n<p>[\/et_pb_text][\/et_pb_column][\/et_pb_row][et_pb_row column_structure=\u00a0\u00bb1_2,1_2&Prime; _builder_version=\u00a0\u00bb4.0.2&Prime;][et_pb_column type=\u00a0\u00bb1_2&Prime; _builder_version=\u00a0\u00bb4.0.2&Prime;][et_pb_text _builder_version=\u00a0\u00bb4.0.2&Prime; text_orientation=\u00a0\u00bbcenter\u00a0\u00bb]<\/p>\n<h4>A mon cabinet<\/h4>\n<p>Quartier Solvardi\u00e8re<br \/>\n44800 Saint Herblain<\/p>\n<p>[\/et_pb_text][\/et_pb_column][et_pb_column type=\u00a0\u00bb1_2&Prime; _builder_version=\u00a0\u00bb4.0.2&Prime;][et_pb_text _builder_version=\u00a0\u00bb4.0.2&Prime; custom_margin=\u00a0\u00bb|||70px|false|false\u00a0\u00bb]<\/p>\n<ul>\n<li>60 \u20ac la consultation \u2013 r\u00e8glement en esp\u00e8ces ou ch\u00e8que<\/li>\n<li>Dur\u00e9e 1er RV : 1h30 \u2013 les rendez-vous suivants : 1h<\/li>\n<\/ul>\n<p>[\/et_pb_text][\/et_pb_column][\/et_pb_row][\/et_pb_section]<\/p>\n","protected":false},"excerpt":{"rendered":"<p>Coaching \u00e9nerg\u00e9tique C\u2019est un accompagnement en lien avec le bien-\u00eatre et \u00e0 la sant\u00e9. Il intervient en compl\u00e9ment des autres traitements et m\u00e9thodes traditionnelles et non en concurrence. Les techniques utilis\u00e9es sont diverses : des Techniques \u00e9nerg\u00e9tiques, de la psychologie de l&rsquo;Enn\u00e9agramme, des m\u00e9ditations guid\u00e9es, de la nouvelle Psychologie Spirituelle et \u00e9galement des connaissances en [&hellip;]<\/p>\n","protected":false},"author":2,"featured_media":0,"parent":0,"menu_order":0,"comment_status":"closed","ping_status":"closed","template":"","meta":{"_et_pb_use_builder":"on","_et_pb_old_content":"","_et_gb_content_width":"","footnotes":""},"class_list":["post-441","page","type-page","status-publish","hentry"],"yoast_head":"<!-- This site is optimized with the Yoast SEO plugin v19.13 - https:\/\/yoast.com\/wordpress\/plugins\/seo\/ -->\n<title>Coaching \u00e9nerg\u00e9tique - Catherine LONGEPE<\/title>\n<meta name=\"robots\" content=\"index, follow, max-snippet:-1, max-image-preview:large, max-video-preview:-1\" \/>\n<link rel=\"canonical\" href=\"https:\/\/www.catherine-longepe.com\/index.php\/coaching-energetique\/\" \/>\n<meta property=\"og:locale\" content=\"fr_FR\" \/>\n<meta property=\"og:type\" content=\"article\" \/>\n<meta property=\"og:title\" content=\"Coaching \u00e9nerg\u00e9tique - Catherine LONGEPE\" \/>\n<meta property=\"og:description\" content=\"Coaching \u00e9nerg\u00e9tique C\u2019est un accompagnement en lien avec le bien-\u00eatre et \u00e0 la sant\u00e9. Il intervient en compl\u00e9ment des autres traitements et m\u00e9thodes traditionnelles et non en concurrence. Les techniques utilis\u00e9es sont diverses : des Techniques \u00e9nerg\u00e9tiques, de la psychologie de l&#039;Enn\u00e9agramme, des m\u00e9ditations guid\u00e9es, de la nouvelle Psychologie Spirituelle et \u00e9galement des connaissances en [&hellip;]\" \/>\n<meta property=\"og:url\" content=\"https:\/\/www.catherine-longepe.com\/index.php\/coaching-energetique\/\" \/>\n<meta property=\"og:site_name\" content=\"Catherine LONGEPE\" \/>\n<meta property=\"article:modified_time\" content=\"2025-08-21T18:11:30+00:00\" \/>\n<meta name=\"twitter:card\" content=\"summary_large_image\" \/>\n<meta name=\"twitter:label1\" content=\"Dur\u00e9e de lecture estim\u00e9e\" \/>\n\t<meta name=\"twitter:data1\" content=\"1 minute\" \/>\n<script type=\"application\/ld+json\" class=\"yoast-schema-graph\">{\"@context\":\"https:\/\/schema.org\",\"@graph\":[{\"@type\":\"WebPage\",\"@id\":\"https:\/\/www.catherine-longepe.com\/index.php\/coaching-energetique\/\",\"url\":\"https:\/\/www.catherine-longepe.com\/index.php\/coaching-energetique\/\",\"name\":\"Coaching \u00e9nerg\u00e9tique - Catherine LONGEPE\",\"isPartOf\":{\"@id\":\"https:\/\/www.catherine-longepe.com\/#website\"},\"datePublished\":\"2019-10-19T20:50:43+00:00\",\"dateModified\":\"2025-08-21T18:11:30+00:00\",\"breadcrumb\":{\"@id\":\"https:\/\/www.catherine-longepe.com\/index.php\/coaching-energetique\/#breadcrumb\"},\"inLanguage\":\"fr-FR\",\"potentialAction\":[{\"@type\":\"ReadAction\",\"target\":[\"https:\/\/www.catherine-longepe.com\/index.php\/coaching-energetique\/\"]}]},{\"@type\":\"BreadcrumbList\",\"@id\":\"https:\/\/www.catherine-longepe.com\/index.php\/coaching-energetique\/#breadcrumb\",\"itemListElement\":[{\"@type\":\"ListItem\",\"position\":1,\"name\":\"Accueil\",\"item\":\"https:\/\/www.catherine-longepe.com\/\"},{\"@type\":\"ListItem\",\"position\":2,\"name\":\"Coaching \u00e9nerg\u00e9tique\"}]},{\"@type\":\"WebSite\",\"@id\":\"https:\/\/www.catherine-longepe.com\/#website\",\"url\":\"https:\/\/www.catherine-longepe.com\/\",\"name\":\"Catherine LONGEPE\",\"description\":\"\u00c0 la Recherche de l&#039;Essentiel\",\"potentialAction\":[{\"@type\":\"SearchAction\",\"target\":{\"@type\":\"EntryPoint\",\"urlTemplate\":\"https:\/\/www.catherine-longepe.com\/?s={search_term_string}\"},\"query-input\":\"required name=search_term_string\"}],\"inLanguage\":\"fr-FR\"}]}<\/script>\n<!-- \/ Yoast SEO plugin. -->","yoast_head_json":{"title":"Coaching \u00e9nerg\u00e9tique - Catherine LONGEPE","robots":{"index":"index","follow":"follow","max-snippet":"max-snippet:-1","max-image-preview":"max-image-preview:large","max-video-preview":"max-video-preview:-1"},"canonical":"https:\/\/www.catherine-longepe.com\/index.php\/coaching-energetique\/","og_locale":"fr_FR","og_type":"article","og_title":"Coaching \u00e9nerg\u00e9tique - Catherine LONGEPE","og_description":"Coaching \u00e9nerg\u00e9tique C\u2019est un accompagnement en lien avec le bien-\u00eatre et \u00e0 la sant\u00e9. Il intervient en compl\u00e9ment des autres traitements et m\u00e9thodes traditionnelles et non en concurrence. Les techniques utilis\u00e9es sont diverses : des Techniques \u00e9nerg\u00e9tiques, de la psychologie de l'Enn\u00e9agramme, des m\u00e9ditations guid\u00e9es, de la nouvelle Psychologie Spirituelle et \u00e9galement des connaissances en [&hellip;]","og_url":"https:\/\/www.catherine-longepe.com\/index.php\/coaching-energetique\/","og_site_name":"Catherine LONGEPE","article_modified_time":"2025-08-21T18:11:30+00:00","twitter_card":"summary_large_image","twitter_misc":{"Dur\u00e9e de lecture estim\u00e9e":"1 minute"},"schema":{"@context":"https:\/\/schema.org","@graph":[{"@type":"WebPage","@id":"https:\/\/www.catherine-longepe.com\/index.php\/coaching-energetique\/","url":"https:\/\/www.catherine-longepe.com\/index.php\/coaching-energetique\/","name":"Coaching \u00e9nerg\u00e9tique - Catherine LONGEPE","isPartOf":{"@id":"https:\/\/www.catherine-longepe.com\/#website"},"datePublished":"2019-10-19T20:50:43+00:00","dateModified":"2025-08-21T18:11:30+00:00","breadcrumb":{"@id":"https:\/\/www.catherine-longepe.com\/index.php\/coaching-energetique\/#breadcrumb"},"inLanguage":"fr-FR","potentialAction":[{"@type":"ReadAction","target":["https:\/\/www.catherine-longepe.com\/index.php\/coaching-energetique\/"]}]},{"@type":"BreadcrumbList","@id":"https:\/\/www.catherine-longepe.com\/index.php\/coaching-energetique\/#breadcrumb","itemListElement":[{"@type":"ListItem","position":1,"name":"Accueil","item":"https:\/\/www.catherine-longepe.com\/"},{"@type":"ListItem","position":2,"name":"Coaching \u00e9nerg\u00e9tique"}]},{"@type":"WebSite","@id":"https:\/\/www.catherine-longepe.com\/#website","url":"https:\/\/www.catherine-longepe.com\/","name":"Catherine LONGEPE","description":"\u00c0 la Recherche de l&#039;Essentiel","potentialAction":[{"@type":"SearchAction","target":{"@type":"EntryPoint","urlTemplate":"https:\/\/www.catherine-longepe.com\/?s={search_term_string}"},"query-input":"required name=search_term_string"}],"inLanguage":"fr-FR"}]}},"_links":{"self":[{"href":"https:\/\/www.catherine-longepe.com\/index.php\/wp-json\/wp\/v2\/pages\/441","targetHints":{"allow":["GET"]}}],"collection":[{"href":"https:\/\/www.catherine-longepe.com\/index.php\/wp-json\/wp\/v2\/pages"}],"about":[{"href":"https:\/\/www.catherine-longepe.com\/index.php\/wp-json\/wp\/v2\/types\/page"}],"author":[{"embeddable":true,"href":"https:\/\/www.catherine-longepe.com\/index.php\/wp-json\/wp\/v2\/users\/2"}],"replies":[{"embeddable":true,"href":"https:\/\/www.catherine-longepe.com\/index.php\/wp-json\/wp\/v2\/comments?post=441"}],"version-history":[{"count":28,"href":"https:\/\/www.catherine-longepe.com\/index.php\/wp-json\/wp\/v2\/pages\/441\/revisions"}],"predecessor-version":[{"id":803,"href":"https:\/\/www.catherine-longepe.com\/index.php\/wp-json\/wp\/v2\/pages\/441\/revisions\/803"}],"wp:attachment":[{"href":"https:\/\/www.catherine-longepe.com\/index.php\/wp-json\/wp\/v2\/media?parent=441"}],"curies":[{"name":"wp","href":"https:\/\/api.w.org\/{rel}","templated":true}]}}