{"id":643,"date":"2020-03-21T10:30:46","date_gmt":"2020-03-21T09:30:46","guid":{"rendered":"https:\/\/www.catherine-longepe.com\/?page_id=643"},"modified":"2025-08-21T20:11:31","modified_gmt":"2025-08-21T18:11:31","slug":"massages-euphoniques","status":"publish","type":"page","link":"https:\/\/www.catherine-longepe.com\/index.php\/massages-euphoniques\/","title":{"rendered":"Massages Euphoniques"},"content":{"rendered":"<p>[et_pb_section fb_built=\u00a0\u00bb1&Prime; admin_label=\u00a0\u00bbsection\u00a0\u00bb _builder_version=\u00a0\u00bb3.22&Prime;][et_pb_row column_structure=\u00a0\u00bb1_2,1_2&Prime; admin_label=\u00a0\u00bbrow\u00a0\u00bb _builder_version=\u00a0\u00bb4.0.2&Prime; background_size=\u00a0\u00bbinitial\u00a0\u00bb background_position=\u00a0\u00bbtop_left\u00a0\u00bb background_repeat=\u00a0\u00bbrepeat\u00a0\u00bb][et_pb_column type=\u00a0\u00bb1_2&Prime; _builder_version=\u00a0\u00bb3.25&Prime; custom_padding=\u00a0\u00bb|||\u00a0\u00bb custom_padding__hover=\u00a0\u00bb|||\u00a0\u00bb][et_pb_text _builder_version=\u00a0\u00bb4.0.2&Prime;]<\/p>\n<p style=\"text-align: center;\"><strong>Un art traditionnel du soin, des protocoles de massage mill\u00e9naires<br \/>\nUn art de la pr\u00e9sence, un chemin d&rsquo;\u00e9veil du coeur.<br \/>\n<\/strong><br \/>\nLe\u00a0<strong>massage euphonique<\/strong>\u00a0propose une rencontre<br \/>\nd&rsquo;\u00e2me \u00e0 \u00e2me par le toucher.<br \/>\nGr\u00e2ce \u00e0 sa qualit\u00e9 d&rsquo;<strong>\u00e9coute<\/strong>\u00a0et de\u00a0<strong>pr\u00e9sence<\/strong>,<br \/>\nle masseur accompagne la personne mass\u00e9e \u00e0 entrer en elle-m\u00eame.<\/p>\n<p style=\"text-align: center;\">Cet art du\u00a0<strong>toucher conscient<\/strong>\u00a0permet de revisiter sa maison int\u00e9rieure<br \/>\no\u00f9 certains espaces sont inoccup\u00e9s, d&rsquo;autres encombr\u00e9s.<br \/>\nLe\u00a0<strong>toucher conscient<\/strong>\u00a0\u00e9claire, vivifie et r\u00e9g\u00e9n\u00e8re.<\/p>\n<p style=\"text-align: center;\">Le corps, \u00e0 nouveau d\u00e9tendu et accept\u00e9, s&rsquo;\u00e9panouit.<br \/>\nL&rsquo;harmonie retrouv\u00e9e avec soi-m\u00eame s&rsquo;\u00e9tend alors aux autres.<\/p>\n<p>[\/et_pb_text][\/et_pb_column][et_pb_column type=\u00a0\u00bb1_2&Prime; _builder_version=\u00a0\u00bb3.25&Prime; custom_padding=\u00a0\u00bb|||\u00a0\u00bb custom_padding__hover=\u00a0\u00bb|||\u00a0\u00bb][et_pb_image src=\u00a0\u00bbhttps:\/\/www.catherine-longepe.com\/wp-content\/uploads\/2020\/03\/massage-homme-visage.jpg\u00a0\u00bb _builder_version=\u00a0\u00bb4.0.2&Prime; width=\u00a0\u00bb75%\u00a0\u00bb module_alignment=\u00a0\u00bbcenter\u00a0\u00bb border_radii=\u00a0\u00bbon|20px|20px|20px|20px\u00a0\u00bb][\/et_pb_image][\/et_pb_column][\/et_pb_row][et_pb_row column_structure=\u00a0\u00bb1_2,1_2&Prime; _builder_version=\u00a0\u00bb4.0.2&Prime;][et_pb_column type=\u00a0\u00bb1_2&Prime; _builder_version=\u00a0\u00bb4.0.2&Prime;][et_pb_text _builder_version=\u00a0\u00bb4.0.2&Prime;]<\/p>\n<h1 style=\"text-align: center;\"><strong>MASSAGE HAKIM du DOS<\/strong><\/h1>\n<p style=\"text-align: center;\">\u00c0 la fois<strong>\u00a0puissant et doux<\/strong>,\u00a0ce\u00a0massage\u00a0peut \u00eatre pratiqu\u00e9 dans un but th\u00e9rapeutique ou simplement pour favoriser d\u00e9tente et bien-\u00eatre.<\/p>\n<p style=\"text-align: center;\">Il s\u2019agit d\u2019un massage <strong>\u00e9nerg\u00e9tique<\/strong>, pratiqu\u00e9 depuis des mill\u00e9naires. Il permet de <strong>r\u00e9g\u00e9n\u00e9rer<\/strong> les <strong>disques intervert\u00e9braux<\/strong><br \/>\net d\u2019\u00e9tirer la colonne vert\u00e9brale en <strong>douceur<\/strong><br \/>\ntout en \u00e9quilibrant le psychisme.<\/p>\n<p style=\"text-align: center;\">La r\u00e9p\u00e9tition rythmique des gestes met le corps\u00a0<strong>au diapason des rythmes naturels<\/strong>, en alternant \u00e9tirements, pressions et effleurages selon un protocole pr\u00e9cis qui permet de<strong>\u00a0relancer\u00a0la circulation \u00e9nerg\u00e9tique<\/strong>, de\u00a0revitaliser\u00a0les\u00a0<strong>disques intervert\u00e9braux<\/strong>, de\u00a0<strong>dissoudre<\/strong>\u00a0les\u00a0tensions\u00a0musculaires, de corriger les micro-d\u00e9placements vert\u00e9braux et de\u00a0<strong>dissoudre\u00a0les contractures.<\/strong><\/p>\n<p style=\"text-align: center;\">Il permet de\u00a0<strong>l\u00e2cher le poids\u00a0du\u00a0stress<\/strong>\u00a0li\u00e9 \u00e0 nos difficult\u00e9s de vie.<\/p>\n<p>[\/et_pb_text][\/et_pb_column][et_pb_column type=\u00a0\u00bb1_2&Prime; _builder_version=\u00a0\u00bb4.0.2&Prime;][et_pb_text _builder_version=\u00a0\u00bb4.0.2&Prime;]<\/p>\n<h1 style=\"text-align: center;\"><strong>MASSAGE HAKIM du VISAGE<\/strong><\/h1>\n<p style=\"text-align: center;\">Le\u00a0massage\u00a0\u00e9nerg\u00e9tique\u00a0du\u00a0visage est avant tout <strong>relaxant<\/strong>.<br \/>\nIl dissipe les tensions et relance la circulation \u00e9nerg\u00e9tique par la stimulation de points \u00e9nerg\u00e9tiques appel\u00e9s \u00ab\u00a0Lata\u00eff\u00a0\u00bb.<\/p>\n<p style=\"text-align: center;\">Il a aussi une <strong>action apaisante<\/strong> sur le <strong>psychisme<\/strong> et sur l&rsquo;ensemble<br \/>\ndes <strong>organes internes<\/strong>, lib\u00e9rant ainsi des blocages physiques, \u00e9motionnels et \u00e9nerg\u00e9tiques.<\/p>\n<p style=\"text-align: center;\">Ce\u00a0massage\u00a0permet \u00e9galement de rel\u00e2cher de nombreuses tensions, sources de vieillissement pr\u00e9matur\u00e9 et de se d\u00e9faire\u00a0du\u00a0masque des \u00e9motions inscrites dans les traits de notre visage.<\/p>\n<p style=\"text-align: center;\">Il lib\u00e8re les m\u00e9moires inscrites dans nos organes des sens,<br \/>\nce qui nous permet de <strong>porter un regard neuf<br \/>\nsur les autres et le monde.<\/strong><\/p>\n<p style=\"text-align: center;\">[\/et_pb_text][\/et_pb_column][\/et_pb_row][et_pb_row column_structure=\u00a0\u00bb1_2,1_2&Prime; _builder_version=\u00a0\u00bb4.0.2&Prime; min_height=\u00a0\u00bb302px\u00a0\u00bb custom_margin=\u00a0\u00bb|auto|-25px|auto||\u00a0\u00bb][et_pb_column type=\u00a0\u00bb1_2&Prime; _builder_version=\u00a0\u00bb4.0.2&Prime;][et_pb_image src=\u00a0\u00bbhttps:\/\/www.catherine-longepe.com\/wp-content\/uploads\/2020\/03\/46189811501_b7c5289cba_w.jpg\u00a0\u00bb align=\u00a0\u00bbcenter\u00a0\u00bb _builder_version=\u00a0\u00bb4.0.2&Prime; border_radii=\u00a0\u00bbon|20px|20px|20px|20px\u00a0\u00bb][\/et_pb_image][\/et_pb_column][et_pb_column type=\u00a0\u00bb1_2&Prime; _builder_version=\u00a0\u00bb4.0.2&Prime;][et_pb_image src=\u00a0\u00bbhttps:\/\/www.catherine-longepe.com\/wp-content\/uploads\/2020\/03\/45464077664_0e162e200b_w.jpg\u00a0\u00bb align=\u00a0\u00bbcenter\u00a0\u00bb _builder_version=\u00a0\u00bb4.0.2&Prime; border_radii=\u00a0\u00bbon|20px|20px|20px|20px\u00a0\u00bb][\/et_pb_image][\/et_pb_column][\/et_pb_row][et_pb_row column_structure=\u00a0\u00bb1_2,1_2&Prime; _builder_version=\u00a0\u00bb4.0.2&Prime; max_height=\u00a0\u00bb50px\u00a0\u00bb custom_margin=\u00a0\u00bb|auto|0px|auto||\u00a0\u00bb][et_pb_column type=\u00a0\u00bb1_2&Prime; _builder_version=\u00a0\u00bb4.0.2&Prime;][et_pb_text _builder_version=\u00a0\u00bb4.0.2&Prime; text_orientation=\u00a0\u00bbcenter\u00a0\u00bb]<\/p>\n<h3>O\u00f9 ont lieu les massages ?<\/h3>\n<p>[\/et_pb_text][\/et_pb_column][et_pb_column type=\u00a0\u00bb1_2&Prime; _builder_version=\u00a0\u00bb4.0.2&Prime;][et_pb_text _builder_version=\u00a0\u00bb4.0.2&Prime; text_orientation=\u00a0\u00bbcenter\u00a0\u00bb]<\/p>\n<h3>Tarifs<\/h3>\n<p>[\/et_pb_text][\/et_pb_column][\/et_pb_row][et_pb_row column_structure=\u00a0\u00bb1_4,1_4,1_2&Prime; _builder_version=\u00a0\u00bb4.0.2&Prime;][et_pb_column type=\u00a0\u00bb1_4&Prime; _builder_version=\u00a0\u00bb4.0.2&Prime;][et_pb_text _builder_version=\u00a0\u00bb4.0.2&Prime; text_orientation=\u00a0\u00bbcenter\u00a0\u00bb hover_enabled=\u00a0\u00bb0&Prime;]<\/p>\n<h4>A mon cabinet<\/h4>\n<p>Quartier Solvardi\u00e8re<br \/>\n44800 Saint Herblain<\/p>\n<p>[\/et_pb_text][\/et_pb_column][et_pb_column type=\u00a0\u00bb1_4&Prime; _builder_version=\u00a0\u00bb4.0.2&Prime;][et_pb_text _builder_version=\u00a0\u00bb4.0.2&Prime; text_orientation=\u00a0\u00bbcenter\u00a0\u00bb hover_enabled=\u00a0\u00bb0&Prime;]<\/p>\n<h4>\u00c0 votre domicile<\/h4>\n<p>en r\u00e9gion Nantaise<br \/>\n(forfait de 5 \u20ac de d\u00e9placement)<\/p>\n<p>[\/et_pb_text][\/et_pb_column][et_pb_column type=\u00a0\u00bb1_2&Prime; _builder_version=\u00a0\u00bb4.0.2&Prime;][et_pb_text _builder_version=\u00a0\u00bb4.0.2&Prime; custom_margin=\u00a0\u00bb|||70px|false|false\u00a0\u00bb hover_enabled=\u00a0\u00bb0&Prime;]<\/p>\n<ul>\n<li>50 \u20ac le massage\u00a0 \u2013 r\u00e8glement en esp\u00e8ces ou ch\u00e8que<\/li>\n<li>Dur\u00e9e : 1h<\/li>\n<\/ul>\n<p>[\/et_pb_text][\/et_pb_column][\/et_pb_row][\/et_pb_section]<\/p>\n","protected":false},"excerpt":{"rendered":"<p>Un art traditionnel du soin, des protocoles de massage mill\u00e9naires Un art de la pr\u00e9sence, un chemin d&rsquo;\u00e9veil du coeur. Le\u00a0massage euphonique\u00a0propose une rencontre d&rsquo;\u00e2me \u00e0 \u00e2me par le toucher. Gr\u00e2ce \u00e0 sa qualit\u00e9 d&rsquo;\u00e9coute\u00a0et de\u00a0pr\u00e9sence, le masseur accompagne la personne mass\u00e9e \u00e0 entrer en elle-m\u00eame. Cet art du\u00a0toucher conscient\u00a0permet de revisiter sa maison int\u00e9rieure [&hellip;]<\/p>\n","protected":false},"author":1,"featured_media":0,"parent":0,"menu_order":0,"comment_status":"closed","ping_status":"closed","template":"","meta":{"_et_pb_use_builder":"on","_et_pb_old_content":"","_et_gb_content_width":"","footnotes":""},"class_list":["post-643","page","type-page","status-publish","hentry"],"yoast_head":"<!-- This site is optimized with the Yoast SEO plugin v19.13 - https:\/\/yoast.com\/wordpress\/plugins\/seo\/ -->\n<title>Massages Euphoniques - Catherine LONGEPE<\/title>\n<meta name=\"robots\" content=\"index, follow, max-snippet:-1, max-image-preview:large, max-video-preview:-1\" \/>\n<link rel=\"canonical\" href=\"https:\/\/www.catherine-longepe.com\/index.php\/massages-euphoniques\/\" \/>\n<meta property=\"og:locale\" content=\"fr_FR\" \/>\n<meta property=\"og:type\" content=\"article\" \/>\n<meta property=\"og:title\" content=\"Massages Euphoniques - Catherine LONGEPE\" \/>\n<meta property=\"og:description\" content=\"Un art traditionnel du soin, des protocoles de massage mill\u00e9naires Un art de la pr\u00e9sence, un chemin d&#039;\u00e9veil du coeur. Le\u00a0massage euphonique\u00a0propose une rencontre d&#039;\u00e2me \u00e0 \u00e2me par le toucher. Gr\u00e2ce \u00e0 sa qualit\u00e9 d&#039;\u00e9coute\u00a0et de\u00a0pr\u00e9sence, le masseur accompagne la personne mass\u00e9e \u00e0 entrer en elle-m\u00eame. Cet art du\u00a0toucher conscient\u00a0permet de revisiter sa maison int\u00e9rieure [&hellip;]\" \/>\n<meta property=\"og:url\" content=\"https:\/\/www.catherine-longepe.com\/index.php\/massages-euphoniques\/\" \/>\n<meta property=\"og:site_name\" content=\"Catherine LONGEPE\" \/>\n<meta property=\"article:modified_time\" content=\"2025-08-21T18:11:31+00:00\" \/>\n<meta name=\"twitter:card\" content=\"summary_large_image\" \/>\n<meta name=\"twitter:label1\" content=\"Dur\u00e9e de lecture estim\u00e9e\" \/>\n\t<meta name=\"twitter:data1\" content=\"3 minutes\" \/>\n<script type=\"application\/ld+json\" class=\"yoast-schema-graph\">{\"@context\":\"https:\/\/schema.org\",\"@graph\":[{\"@type\":\"WebPage\",\"@id\":\"https:\/\/www.catherine-longepe.com\/index.php\/massages-euphoniques\/\",\"url\":\"https:\/\/www.catherine-longepe.com\/index.php\/massages-euphoniques\/\",\"name\":\"Massages Euphoniques - Catherine LONGEPE\",\"isPartOf\":{\"@id\":\"https:\/\/www.catherine-longepe.com\/#website\"},\"datePublished\":\"2020-03-21T09:30:46+00:00\",\"dateModified\":\"2025-08-21T18:11:31+00:00\",\"breadcrumb\":{\"@id\":\"https:\/\/www.catherine-longepe.com\/index.php\/massages-euphoniques\/#breadcrumb\"},\"inLanguage\":\"fr-FR\",\"potentialAction\":[{\"@type\":\"ReadAction\",\"target\":[\"https:\/\/www.catherine-longepe.com\/index.php\/massages-euphoniques\/\"]}]},{\"@type\":\"BreadcrumbList\",\"@id\":\"https:\/\/www.catherine-longepe.com\/index.php\/massages-euphoniques\/#breadcrumb\",\"itemListElement\":[{\"@type\":\"ListItem\",\"position\":1,\"name\":\"Accueil\",\"item\":\"https:\/\/www.catherine-longepe.com\/\"},{\"@type\":\"ListItem\",\"position\":2,\"name\":\"Massages Euphoniques\"}]},{\"@type\":\"WebSite\",\"@id\":\"https:\/\/www.catherine-longepe.com\/#website\",\"url\":\"https:\/\/www.catherine-longepe.com\/\",\"name\":\"Catherine LONGEPE\",\"description\":\"\u00c0 la Recherche de l&#039;Essentiel\",\"potentialAction\":[{\"@type\":\"SearchAction\",\"target\":{\"@type\":\"EntryPoint\",\"urlTemplate\":\"https:\/\/www.catherine-longepe.com\/?s={search_term_string}\"},\"query-input\":\"required name=search_term_string\"}],\"inLanguage\":\"fr-FR\"}]}<\/script>\n<!-- \/ Yoast SEO plugin. -->","yoast_head_json":{"title":"Massages Euphoniques - Catherine LONGEPE","robots":{"index":"index","follow":"follow","max-snippet":"max-snippet:-1","max-image-preview":"max-image-preview:large","max-video-preview":"max-video-preview:-1"},"canonical":"https:\/\/www.catherine-longepe.com\/index.php\/massages-euphoniques\/","og_locale":"fr_FR","og_type":"article","og_title":"Massages Euphoniques - Catherine LONGEPE","og_description":"Un art traditionnel du soin, des protocoles de massage mill\u00e9naires Un art de la pr\u00e9sence, un chemin d'\u00e9veil du coeur. Le\u00a0massage euphonique\u00a0propose une rencontre d'\u00e2me \u00e0 \u00e2me par le toucher. Gr\u00e2ce \u00e0 sa qualit\u00e9 d'\u00e9coute\u00a0et de\u00a0pr\u00e9sence, le masseur accompagne la personne mass\u00e9e \u00e0 entrer en elle-m\u00eame. Cet art du\u00a0toucher conscient\u00a0permet de revisiter sa maison int\u00e9rieure [&hellip;]","og_url":"https:\/\/www.catherine-longepe.com\/index.php\/massages-euphoniques\/","og_site_name":"Catherine LONGEPE","article_modified_time":"2025-08-21T18:11:31+00:00","twitter_card":"summary_large_image","twitter_misc":{"Dur\u00e9e de lecture estim\u00e9e":"3 minutes"},"schema":{"@context":"https:\/\/schema.org","@graph":[{"@type":"WebPage","@id":"https:\/\/www.catherine-longepe.com\/index.php\/massages-euphoniques\/","url":"https:\/\/www.catherine-longepe.com\/index.php\/massages-euphoniques\/","name":"Massages Euphoniques - Catherine LONGEPE","isPartOf":{"@id":"https:\/\/www.catherine-longepe.com\/#website"},"datePublished":"2020-03-21T09:30:46+00:00","dateModified":"2025-08-21T18:11:31+00:00","breadcrumb":{"@id":"https:\/\/www.catherine-longepe.com\/index.php\/massages-euphoniques\/#breadcrumb"},"inLanguage":"fr-FR","potentialAction":[{"@type":"ReadAction","target":["https:\/\/www.catherine-longepe.com\/index.php\/massages-euphoniques\/"]}]},{"@type":"BreadcrumbList","@id":"https:\/\/www.catherine-longepe.com\/index.php\/massages-euphoniques\/#breadcrumb","itemListElement":[{"@type":"ListItem","position":1,"name":"Accueil","item":"https:\/\/www.catherine-longepe.com\/"},{"@type":"ListItem","position":2,"name":"Massages Euphoniques"}]},{"@type":"WebSite","@id":"https:\/\/www.catherine-longepe.com\/#website","url":"https:\/\/www.catherine-longepe.com\/","name":"Catherine LONGEPE","description":"\u00c0 la Recherche de l&#039;Essentiel","potentialAction":[{"@type":"SearchAction","target":{"@type":"EntryPoint","urlTemplate":"https:\/\/www.catherine-longepe.com\/?s={search_term_string}"},"query-input":"required name=search_term_string"}],"inLanguage":"fr-FR"}]}},"_links":{"self":[{"href":"https:\/\/www.catherine-longepe.com\/index.php\/wp-json\/wp\/v2\/pages\/643","targetHints":{"allow":["GET"]}}],"collection":[{"href":"https:\/\/www.catherine-longepe.com\/index.php\/wp-json\/wp\/v2\/pages"}],"about":[{"href":"https:\/\/www.catherine-longepe.com\/index.php\/wp-json\/wp\/v2\/types\/page"}],"author":[{"embeddable":true,"href":"https:\/\/www.catherine-longepe.com\/index.php\/wp-json\/wp\/v2\/users\/1"}],"replies":[{"embeddable":true,"href":"https:\/\/www.catherine-longepe.com\/index.php\/wp-json\/wp\/v2\/comments?post=643"}],"version-history":[{"count":8,"href":"https:\/\/www.catherine-longepe.com\/index.php\/wp-json\/wp\/v2\/pages\/643\/revisions"}],"predecessor-version":[{"id":801,"href":"https:\/\/www.catherine-longepe.com\/index.php\/wp-json\/wp\/v2\/pages\/643\/revisions\/801"}],"wp:attachment":[{"href":"https:\/\/www.catherine-longepe.com\/index.php\/wp-json\/wp\/v2\/media?parent=643"}],"curies":[{"name":"wp","href":"https:\/\/api.w.org\/{rel}","templated":true}]}}