{"id":701,"date":"2021-08-08T10:59:53","date_gmt":"2021-08-08T08:59:53","guid":{"rendered":"https:\/\/www.catherine-longepe.com\/?page_id=701"},"modified":"2025-08-21T20:11:32","modified_gmt":"2025-08-21T18:11:32","slug":"reiki-tao-to-qi","status":"publish","type":"page","link":"https:\/\/www.catherine-longepe.com\/index.php\/reiki-tao-to-qi\/","title":{"rendered":"Reiki Tao T\u00f6 Qi"},"content":{"rendered":"<p>[et_pb_section fb_built=\u00a0\u00bb1&Prime; admin_label=\u00a0\u00bbsection\u00a0\u00bb _builder_version=\u00a0\u00bb3.22&Prime;][et_pb_row column_structure=\u00a0\u00bb1_2,1_2&Prime; admin_label=\u00a0\u00bbrow\u00a0\u00bb _builder_version=\u00a0\u00bb4.0.2&Prime; background_size=\u00a0\u00bbinitial\u00a0\u00bb background_position=\u00a0\u00bbtop_left\u00a0\u00bb background_repeat=\u00a0\u00bbrepeat\u00a0\u00bb][et_pb_column type=\u00a0\u00bb1_2&Prime; _builder_version=\u00a0\u00bb3.25&Prime; custom_padding=\u00a0\u00bb|||\u00a0\u00bb custom_padding__hover=\u00a0\u00bb|||\u00a0\u00bb][et_pb_text _builder_version=\u00a0\u00bb4.0.2&Prime; hover_enabled=\u00a0\u00bb0&Prime;]<\/p>\n<div class=\"t396__elem tn-elem tn-elem__2284988411590186040631\" data-elem-id=\"1590186040631\" data-elem-type=\"text\" data-field-top-value=\"1120\" data-field-top-res-960-value=\"970\" data-field-top-res-640-value=\"1169\" data-field-top-res-480-value=\"1150\" data-field-top-res-320-value=\"800\" data-field-left-value=\"620\" data-field-left-res-960-value=\"380\" data-field-left-res-640-value=\"133\" data-field-left-res-480-value=\"60\" data-field-left-res-320-value=\"29\" data-field-width-value=\"541\" data-field-width-res-640-value=\"371\" data-field-width-res-480-value=\"351\" data-field-width-res-320-value=\"231\" data-field-axisy-value=\"top\" data-field-axisx-value=\"left\" data-field-container-value=\"grid\" data-field-topunits-value=\"px\" data-field-leftunits-value=\"px\" data-field-heightunits-value=\"\" data-field-widthunits-value=\"px\" data-fields=\"top,left,width,container,axisx,axisy,widthunits,leftunits,topunits\">\n<div class=\"tn-atom\" style=\"text-align: center;\">\n<h2 style=\"text-align: left;\">L&rsquo;art de la transmission de l&rsquo;\u00e9nergie<\/h2>\n<p>&nbsp;<\/p>\n<\/div>\n<\/div>\n<div class=\"t396__elem tn-elem tn-elem__2284988411590186098447\" data-elem-id=\"1590186098447\" data-elem-type=\"text\" data-field-top-value=\"1185\" data-field-top-res-960-value=\"1025\" data-field-top-res-640-value=\"1220\" data-field-top-res-480-value=\"1206\" data-field-top-res-320-value=\"875\" data-field-left-value=\"620\" data-field-left-res-960-value=\"380\" data-field-left-res-640-value=\"230\" data-field-left-res-480-value=\"60\" data-field-left-res-320-value=\"30\" data-field-width-value=\"501\" data-field-width-res-640-value=\"311\" data-field-width-res-480-value=\"351\" data-field-width-res-320-value=\"261\" data-field-axisy-value=\"top\" data-field-axisx-value=\"left\" data-field-container-value=\"grid\" data-field-topunits-value=\"px\" data-field-leftunits-value=\"px\" data-field-heightunits-value=\"\" data-field-widthunits-value=\"px\" data-fields=\"top,left,width,container,axisx,axisy,widthunits,leftunits,topunits\">\n<div class=\"tn-atom\">\n<p>Les initiations permettent d&rsquo;\u00eatre connect\u00e9 au champ de force sp\u00e9cifique du Reiki de l&rsquo;initiateur. C&rsquo;est \u00e0 partir de cette connexion qu&rsquo;il lui sera possible de transmettre l&rsquo;\u00e9nergie Reiki.<\/p>\n<p>L&rsquo;initiation dure jusqu&rsquo;\u00e0 la fin de la vie du praticien, sans que rien ni personne ne puisse lui enlever cette facult\u00e9. Elle r\u00e9sulte de l&rsquo;ouverture et de l&rsquo;alignement sp\u00e9cifique de plusieurs centres \u00e9nerg\u00e9tiques.<\/p>\n<p>D\u00e8s la premi\u00e8re initiation, le flux du Reiki \u00e0 travers le praticien est continuel.\u00a0<span data-redactor-tag=\"span\">Nuit et jour, il accompagne le praticien.<\/span><\/p>\n<p>Par l&rsquo;initiation, on devient capable de transmettre la force du Reiki \u00e0 travers la paume des mains, les yeux et le souffle.<\/p>\n<p>Le Reiki est\u00a0une \u00e9nergie de la sagesse\u00a0qui agit toujours pour le \u00ab\u00a0bien sup\u00e9rieur\u00a0\u00bb du praticien et du client, les conduisant \u00e0 trouver de meilleures solutions dans de nombreuses situations de la vie.<\/p>\n<\/div>\n<\/div>\n<p>[\/et_pb_text][\/et_pb_column][et_pb_column type=\u00a0\u00bb1_2&Prime; _builder_version=\u00a0\u00bb3.25&Prime; custom_padding=\u00a0\u00bb|||\u00a0\u00bb custom_padding__hover=\u00a0\u00bb|||\u00a0\u00bb][et_pb_image src=\u00a0\u00bbhttps:\/\/www.catherine-longepe.com\/wp-content\/uploads\/2021\/08\/46138618762_776c0753d9_c.jpg\u00a0\u00bb _builder_version=\u00a0\u00bb4.0.2&Prime; width=\u00a0\u00bb75%\u00a0\u00bb module_alignment=\u00a0\u00bbcenter\u00a0\u00bb custom_margin=\u00a0\u00bb104px|||||\u00a0\u00bb custom_padding=\u00a0\u00bb||44px|||\u00a0\u00bb border_radii=\u00a0\u00bbon|20px|20px|20px|20px\u00a0\u00bb][\/et_pb_image][\/et_pb_column][\/et_pb_row][et_pb_row _builder_version=\u00a0\u00bb4.0.2&Prime;][et_pb_column type=\u00a0\u00bb4_4&Prime; _builder_version=\u00a0\u00bb4.0.2&Prime;][et_pb_text _builder_version=\u00a0\u00bb4.0.2&Prime; custom_padding=\u00a0\u00bb||0px|||\u00a0\u00bb]<\/p>\n<h1 style=\"text-align: center;\"><b>S\u00e9ance de Reiki Tao T\u00f6 Qi<\/b><\/h1>\n<p style=\"text-align: center;\">Une s\u00e9ance de Reiki Tao T\u00f6 Qi permet d&rsquo;harmoniser la circulation \u00e9nerg\u00e9tique du receveur.<\/p>\n<p style=\"text-align: center;\">Elle lib\u00e8re des effets du stress, stimule les forces d&rsquo;auto-gu\u00e9rison pour aller vers un mieux-\u00eatre physique, \u00e9motionnel, mental.<\/p>\n<p>Le Reiki permet de rendre sa fluidit\u00e9 \u00e0 l\u2019\u00e9nergie Qi qui circule alors plus librement dans tout le corps,<strong>\u00a0\u00e9liminant les blocages et les tensions<\/strong>\u00a0qui sont la cause de la plupart des troubles. Il r\u00e9veille et\u00a0<strong>stimule les forces d\u2019auto-gu\u00e9rison<\/strong>,\u00a0<strong>d\u00e9veloppe la vitalit\u00e9<\/strong>,\u00a0<strong>\u00e9limine les toxines et r\u00e9g\u00e9n\u00e8re<\/strong>. Il \u00e9tablit le<strong>\u00a0bien-\u00eatre<\/strong>\u00a0et la\u00a0<strong>sant\u00e9 du corps<\/strong>, la\u00a0<strong>paix<\/strong>\u00a0et l\u2019<strong>enthousiasme<\/strong>\u00a0<strong>dans la vie \u00e9motionnelle<\/strong>, et la\u00a0<strong>clart\u00e9 de la pens\u00e9e au niveau intellectuel<\/strong>.<\/p>\n<p>[\/et_pb_text][\/et_pb_column][\/et_pb_row][et_pb_row _builder_version=\u00a0\u00bb4.0.2&Prime; min_height=\u00a0\u00bb302px\u00a0\u00bb custom_margin=\u00a0\u00bb|auto|-25px|auto||\u00a0\u00bb][et_pb_column type=\u00a0\u00bb4_4&Prime; _builder_version=\u00a0\u00bb4.0.2&Prime;][et_pb_image src=\u00a0\u00bbhttps:\/\/www.catherine-longepe.com\/wp-content\/uploads\/2021\/08\/45464024444_57e40c3c5d_c.jpg\u00a0\u00bb align=\u00a0\u00bbcenter\u00a0\u00bb _builder_version=\u00a0\u00bb4.0.2&Prime; border_radii=\u00a0\u00bbon|20px|20px|20px|20px\u00a0\u00bb][\/et_pb_image][\/et_pb_column][\/et_pb_row][et_pb_row column_structure=\u00a0\u00bb1_2,1_2&Prime; _builder_version=\u00a0\u00bb4.0.2&Prime; max_height=\u00a0\u00bb50px\u00a0\u00bb custom_margin=\u00a0\u00bb|auto|0px|auto||\u00a0\u00bb][et_pb_column type=\u00a0\u00bb1_2&Prime; _builder_version=\u00a0\u00bb4.0.2&Prime;][et_pb_text _builder_version=\u00a0\u00bb4.0.2&Prime; text_orientation=\u00a0\u00bbcenter\u00a0\u00bb]<\/p>\n<h3>O\u00f9 ont lieu les soins Reiki ?<\/h3>\n<p>[\/et_pb_text][\/et_pb_column][et_pb_column type=\u00a0\u00bb1_2&Prime; _builder_version=\u00a0\u00bb4.0.2&Prime;][et_pb_text _builder_version=\u00a0\u00bb4.0.2&Prime; text_orientation=\u00a0\u00bbcenter\u00a0\u00bb]<\/p>\n<h3>Tarifs<\/h3>\n<p>[\/et_pb_text][\/et_pb_column][\/et_pb_row][et_pb_row column_structure=\u00a0\u00bb1_4,1_4,1_2&Prime; _builder_version=\u00a0\u00bb4.0.2&Prime;][et_pb_column type=\u00a0\u00bb1_4&Prime; _builder_version=\u00a0\u00bb4.0.2&Prime;][et_pb_text _builder_version=\u00a0\u00bb4.0.2&Prime; text_orientation=\u00a0\u00bbcenter\u00a0\u00bb]<\/p>\n<h4>A mon cabinet<\/h4>\n<p>Quartier Solvardi\u00e8re<br \/>\n44800 Saint Herblain<\/p>\n<p>[\/et_pb_text][\/et_pb_column][et_pb_column type=\u00a0\u00bb1_4&Prime; _builder_version=\u00a0\u00bb4.0.2&Prime;][et_pb_text _builder_version=\u00a0\u00bb4.0.2&Prime; text_orientation=\u00a0\u00bbcenter\u00a0\u00bb]<\/p>\n<h4>\u00c0 votre domicile<\/h4>\n<p>en r\u00e9gion Nantaise<br \/>\n(forfait de 5 \u20ac de d\u00e9placement)<\/p>\n<p>[\/et_pb_text][\/et_pb_column][et_pb_column type=\u00a0\u00bb1_2&Prime; _builder_version=\u00a0\u00bb4.0.2&Prime;][et_pb_text _builder_version=\u00a0\u00bb4.0.2&Prime; custom_margin=\u00a0\u00bb|||70px|false|false\u00a0\u00bb]<\/p>\n<ul>\n<li>50 \u20ac la s\u00e9ance\u00a0 \u2013 r\u00e8glement en esp\u00e8ces ou ch\u00e8que<\/li>\n<li>Dur\u00e9e : 1h<\/li>\n<\/ul>\n<p>[\/et_pb_text][\/et_pb_column][\/et_pb_row][\/et_pb_section]<\/p>\n","protected":false},"excerpt":{"rendered":"<p>Une s\u00e9ance de Reiki Tao T\u00f6 Qi permet d&rsquo;harmoniser la circulation \u00e9nerg\u00e9tique du receveur ; elle lib\u00e8re des effets du stress, stimule les forces d&rsquo;auto-gu\u00e9rison pour aller vers un mieux-\u00eatre physique, \u00e9motionnel, mental.<\/p>\n","protected":false},"author":1,"featured_media":0,"parent":0,"menu_order":0,"comment_status":"closed","ping_status":"closed","template":"","meta":{"_et_pb_use_builder":"on","_et_pb_old_content":"","_et_gb_content_width":"","footnotes":""},"class_list":["post-701","page","type-page","status-publish","hentry"],"yoast_head":"<!-- This site is optimized with the Yoast SEO plugin v19.13 - https:\/\/yoast.com\/wordpress\/plugins\/seo\/ -->\n<title>Reiki Tao T\u00f6 Qi - Catherine LONGEPE<\/title>\n<meta name=\"robots\" content=\"index, follow, max-snippet:-1, max-image-preview:large, max-video-preview:-1\" \/>\n<link rel=\"canonical\" href=\"https:\/\/www.catherine-longepe.com\/index.php\/reiki-tao-to-qi\/\" \/>\n<meta property=\"og:locale\" content=\"fr_FR\" \/>\n<meta property=\"og:type\" content=\"article\" \/>\n<meta property=\"og:title\" content=\"Reiki Tao T\u00f6 Qi - Catherine LONGEPE\" \/>\n<meta property=\"og:description\" content=\"Une s\u00e9ance de Reiki Tao T\u00f6 Qi permet d&#039;harmoniser la circulation \u00e9nerg\u00e9tique du receveur ; elle lib\u00e8re des effets du stress, stimule les forces d&#039;auto-gu\u00e9rison pour aller vers un mieux-\u00eatre physique, \u00e9motionnel, mental.\" \/>\n<meta property=\"og:url\" content=\"https:\/\/www.catherine-longepe.com\/index.php\/reiki-tao-to-qi\/\" \/>\n<meta property=\"og:site_name\" content=\"Catherine LONGEPE\" \/>\n<meta property=\"article:modified_time\" content=\"2025-08-21T18:11:32+00:00\" \/>\n<meta name=\"twitter:card\" content=\"summary_large_image\" \/>\n<meta name=\"twitter:label1\" content=\"Dur\u00e9e de lecture estim\u00e9e\" \/>\n\t<meta name=\"twitter:data1\" content=\"2 minutes\" \/>\n<script type=\"application\/ld+json\" class=\"yoast-schema-graph\">{\"@context\":\"https:\/\/schema.org\",\"@graph\":[{\"@type\":\"WebPage\",\"@id\":\"https:\/\/www.catherine-longepe.com\/index.php\/reiki-tao-to-qi\/\",\"url\":\"https:\/\/www.catherine-longepe.com\/index.php\/reiki-tao-to-qi\/\",\"name\":\"Reiki Tao T\u00f6 Qi - Catherine LONGEPE\",\"isPartOf\":{\"@id\":\"https:\/\/www.catherine-longepe.com\/#website\"},\"datePublished\":\"2021-08-08T08:59:53+00:00\",\"dateModified\":\"2025-08-21T18:11:32+00:00\",\"breadcrumb\":{\"@id\":\"https:\/\/www.catherine-longepe.com\/index.php\/reiki-tao-to-qi\/#breadcrumb\"},\"inLanguage\":\"fr-FR\",\"potentialAction\":[{\"@type\":\"ReadAction\",\"target\":[\"https:\/\/www.catherine-longepe.com\/index.php\/reiki-tao-to-qi\/\"]}]},{\"@type\":\"BreadcrumbList\",\"@id\":\"https:\/\/www.catherine-longepe.com\/index.php\/reiki-tao-to-qi\/#breadcrumb\",\"itemListElement\":[{\"@type\":\"ListItem\",\"position\":1,\"name\":\"Accueil\",\"item\":\"https:\/\/www.catherine-longepe.com\/\"},{\"@type\":\"ListItem\",\"position\":2,\"name\":\"Reiki Tao T\u00f6 Qi\"}]},{\"@type\":\"WebSite\",\"@id\":\"https:\/\/www.catherine-longepe.com\/#website\",\"url\":\"https:\/\/www.catherine-longepe.com\/\",\"name\":\"Catherine LONGEPE\",\"description\":\"\u00c0 la Recherche de l&#039;Essentiel\",\"potentialAction\":[{\"@type\":\"SearchAction\",\"target\":{\"@type\":\"EntryPoint\",\"urlTemplate\":\"https:\/\/www.catherine-longepe.com\/?s={search_term_string}\"},\"query-input\":\"required name=search_term_string\"}],\"inLanguage\":\"fr-FR\"}]}<\/script>\n<!-- \/ Yoast SEO plugin. -->","yoast_head_json":{"title":"Reiki Tao T\u00f6 Qi - Catherine LONGEPE","robots":{"index":"index","follow":"follow","max-snippet":"max-snippet:-1","max-image-preview":"max-image-preview:large","max-video-preview":"max-video-preview:-1"},"canonical":"https:\/\/www.catherine-longepe.com\/index.php\/reiki-tao-to-qi\/","og_locale":"fr_FR","og_type":"article","og_title":"Reiki Tao T\u00f6 Qi - Catherine LONGEPE","og_description":"Une s\u00e9ance de Reiki Tao T\u00f6 Qi permet d'harmoniser la circulation \u00e9nerg\u00e9tique du receveur ; elle lib\u00e8re des effets du stress, stimule les forces d'auto-gu\u00e9rison pour aller vers un mieux-\u00eatre physique, \u00e9motionnel, mental.","og_url":"https:\/\/www.catherine-longepe.com\/index.php\/reiki-tao-to-qi\/","og_site_name":"Catherine LONGEPE","article_modified_time":"2025-08-21T18:11:32+00:00","twitter_card":"summary_large_image","twitter_misc":{"Dur\u00e9e de lecture estim\u00e9e":"2 minutes"},"schema":{"@context":"https:\/\/schema.org","@graph":[{"@type":"WebPage","@id":"https:\/\/www.catherine-longepe.com\/index.php\/reiki-tao-to-qi\/","url":"https:\/\/www.catherine-longepe.com\/index.php\/reiki-tao-to-qi\/","name":"Reiki Tao T\u00f6 Qi - Catherine LONGEPE","isPartOf":{"@id":"https:\/\/www.catherine-longepe.com\/#website"},"datePublished":"2021-08-08T08:59:53+00:00","dateModified":"2025-08-21T18:11:32+00:00","breadcrumb":{"@id":"https:\/\/www.catherine-longepe.com\/index.php\/reiki-tao-to-qi\/#breadcrumb"},"inLanguage":"fr-FR","potentialAction":[{"@type":"ReadAction","target":["https:\/\/www.catherine-longepe.com\/index.php\/reiki-tao-to-qi\/"]}]},{"@type":"BreadcrumbList","@id":"https:\/\/www.catherine-longepe.com\/index.php\/reiki-tao-to-qi\/#breadcrumb","itemListElement":[{"@type":"ListItem","position":1,"name":"Accueil","item":"https:\/\/www.catherine-longepe.com\/"},{"@type":"ListItem","position":2,"name":"Reiki Tao T\u00f6 Qi"}]},{"@type":"WebSite","@id":"https:\/\/www.catherine-longepe.com\/#website","url":"https:\/\/www.catherine-longepe.com\/","name":"Catherine LONGEPE","description":"\u00c0 la Recherche de l&#039;Essentiel","potentialAction":[{"@type":"SearchAction","target":{"@type":"EntryPoint","urlTemplate":"https:\/\/www.catherine-longepe.com\/?s={search_term_string}"},"query-input":"required name=search_term_string"}],"inLanguage":"fr-FR"}]}},"_links":{"self":[{"href":"https:\/\/www.catherine-longepe.com\/index.php\/wp-json\/wp\/v2\/pages\/701","targetHints":{"allow":["GET"]}}],"collection":[{"href":"https:\/\/www.catherine-longepe.com\/index.php\/wp-json\/wp\/v2\/pages"}],"about":[{"href":"https:\/\/www.catherine-longepe.com\/index.php\/wp-json\/wp\/v2\/types\/page"}],"author":[{"embeddable":true,"href":"https:\/\/www.catherine-longepe.com\/index.php\/wp-json\/wp\/v2\/users\/1"}],"replies":[{"embeddable":true,"href":"https:\/\/www.catherine-longepe.com\/index.php\/wp-json\/wp\/v2\/comments?post=701"}],"version-history":[{"count":8,"href":"https:\/\/www.catherine-longepe.com\/index.php\/wp-json\/wp\/v2\/pages\/701\/revisions"}],"predecessor-version":[{"id":805,"href":"https:\/\/www.catherine-longepe.com\/index.php\/wp-json\/wp\/v2\/pages\/701\/revisions\/805"}],"wp:attachment":[{"href":"https:\/\/www.catherine-longepe.com\/index.php\/wp-json\/wp\/v2\/media?parent=701"}],"curies":[{"name":"wp","href":"https:\/\/api.w.org\/{rel}","templated":true}]}}