{"id":740,"date":"2022-02-27T17:17:48","date_gmt":"2022-02-27T16:17:48","guid":{"rendered":"https:\/\/www.catherine-longepe.com\/?page_id=740"},"modified":"2025-08-21T20:11:31","modified_gmt":"2025-08-21T18:11:31","slug":"lahore-nadi-yoga","status":"publish","type":"page","link":"https:\/\/www.catherine-longepe.com\/index.php\/lahore-nadi-yoga\/","title":{"rendered":"Lahore Nadi Yoga"},"content":{"rendered":"<p>[et_pb_section fb_built=\u00a0\u00bb1&Prime; _builder_version=\u00a0\u00bb4.16&Prime; custom_padding=\u00a0\u00bb|0px||||\u00a0\u00bb global_colors_info=\u00a0\u00bb{}\u00a0\u00bb][et_pb_row column_structure=\u00a0\u00bb2_5,3_5&Prime; _builder_version=\u00a0\u00bb4.16&Prime; min_height=\u00a0\u00bb323px\u00a0\u00bb custom_margin=\u00a0\u00bb|auto|-3px|auto||\u00a0\u00bb global_colors_info=\u00a0\u00bb{}\u00a0\u00bb][et_pb_column type=\u00a0\u00bb2_5&Prime; _builder_version=\u00a0\u00bb4.16&Prime; global_colors_info=\u00a0\u00bb{}\u00a0\u00bb][et_pb_slider _builder_version=\u00a0\u00bb4.16&Prime; background_color=\u00a0\u00bbrgba(0,0,0,0)\u00a0\u00bb custom_margin=\u00a0\u00bb||-177px|||\u00a0\u00bb custom_padding=\u00a0\u00bb||39px|||\u00a0\u00bb animation_style=\u00a0\u00bbslide\u00a0\u00bb auto=\u00a0\u00bbon\u00a0\u00bb border_radii_image=\u00a0\u00bbon|20px|20px|20px|20px\u00a0\u00bb global_colors_info=\u00a0\u00bb{}\u00a0\u00bb][et_pb_slide image=\u00a0\u00bbhttps:\/\/www.catherine-longepe.com\/wp-content\/uploads\/2022\/02\/43640295032_763cee6916_c.jpg\u00a0\u00bb _builder_version=\u00a0\u00bb4.16&Prime; global_colors_info=\u00a0\u00bb{}\u00a0\u00bb sticky_transition=\u00a0\u00bbon\u00a0\u00bb][\/et_pb_slide][et_pb_slide image=\u00a0\u00bbhttps:\/\/www.catherine-longepe.com\/wp-content\/uploads\/2022\/02\/44171221570_b9b019beed_c-1.jpg\u00a0\u00bb _builder_version=\u00a0\u00bb4.16&Prime; global_colors_info=\u00a0\u00bb{}\u00a0\u00bb sticky_transition=\u00a0\u00bbon\u00a0\u00bb][\/et_pb_slide][et_pb_slide image=\u00a0\u00bbhttps:\/\/www.catherine-longepe.com\/wp-content\/uploads\/2022\/02\/33357983288_5fa1657a3d_c-1.jpg\u00a0\u00bb _builder_version=\u00a0\u00bb4.16&Prime; global_colors_info=\u00a0\u00bb{}\u00a0\u00bb sticky_transition=\u00a0\u00bbon\u00a0\u00bb][\/et_pb_slide][\/et_pb_slider][\/et_pb_column][et_pb_column type=\u00a0\u00bb3_5&Prime; _builder_version=\u00a0\u00bb4.16&Prime; global_colors_info=\u00a0\u00bb{}\u00a0\u00bb][et_pb_text _builder_version=\u00a0\u00bb4.16&Prime; text_orientation=\u00a0\u00bbjustified\u00a0\u00bb global_colors_info=\u00a0\u00bb{}\u00a0\u00bb]<\/p>\n<h2>Lahore Nadi Yoga<\/h2>\n<p>Le Lahore Nadi Yoga est une forme non-violente et douce de yoga. Dans la philosophie du Lahore Nadi Yoga, tout trouble corporel, \u00e9motionnel, intellectuel relationnel, environnemental et m\u00eame spirituel, est d&rsquo;abord d\u00fb \u00e0 une deconnexion des \u00ab\u00a0nadi\u00a0\u00bb, c&rsquo;est \u00e0 dire \u00e0 une rupture de circulationde l&rsquo;\u00e9nergie dans les lignes \u00e9nerg\u00e9tiques. Les techniques du Lahore Nadi Yoga permettent de r\u00e9tablir ces connexions et posent ainsi les bases d&rsquo;un v\u00e9ritable bien \u00eatre ou d&rsquo;un retour \u00e0 la sant\u00e9, \u00e0 la s\u00e9r\u00e9nit\u00e9 et \u00e0 la joie int\u00e9rieure.<\/p>\n<p>Chaque asana ou exercice a un effet sp\u00e9cifique sur l&rsquo;ensemble des syst\u00e8mes de l&rsquo;\u00eatre humain. En pratiquant consciemment ces exercices, on developpe une perception et une intuition toujours plus subtile de ce qui est bon pour soi-m\u00eame et de ce qu&rsquo;il vaudrait mieux \u00e9viter, de fa\u00e7on \u00e0 mener une vie de plus en plus harmonieuse et saine.<\/p>\n<p>[\/et_pb_text][et_pb_button button_url=\u00a0\u00bb@ET-DC@eyJkeW5hbWljIjp0cnVlLCJjb250ZW50IjoicG9zdF9saW5rX3VybF9wYWdlIiwic2V0dGluZ3MiOnsicG9zdF9pZCI6IjEyNiJ9fQ==@\u00a0\u00bb button_text=\u00a0\u00bbM&rsquo;inscrire\u00a0\u00bb button_alignment=\u00a0\u00bbleft\u00a0\u00bb _builder_version=\u00a0\u00bb4.16&Prime; _dynamic_attributes=\u00a0\u00bbbutton_url\u00a0\u00bb global_colors_info=\u00a0\u00bb{}\u00a0\u00bb][\/et_pb_button][\/et_pb_column][\/et_pb_row][et_pb_row column_structure=\u00a0\u00bb1_2,1_2&Prime; _builder_version=\u00a0\u00bb4.16&Prime; max_height=\u00a0\u00bb50px\u00a0\u00bb global_colors_info=\u00a0\u00bb{}\u00a0\u00bb][et_pb_column type=\u00a0\u00bb1_2&Prime; _builder_version=\u00a0\u00bb4.16&Prime; global_colors_info=\u00a0\u00bb{}\u00a0\u00bb][et_pb_text _builder_version=\u00a0\u00bb4.16&Prime; text_orientation=\u00a0\u00bbcenter\u00a0\u00bb global_colors_info=\u00a0\u00bb{}\u00a0\u00bb]<\/p>\n<h3>O\u00f9 et quand pratiquer :<\/h3>\n<p>[\/et_pb_text][\/et_pb_column][et_pb_column type=\u00a0\u00bb1_2&Prime; _builder_version=\u00a0\u00bb4.16&Prime; global_colors_info=\u00a0\u00bb{}\u00a0\u00bb][et_pb_text _builder_version=\u00a0\u00bb4.16&Prime; text_orientation=\u00a0\u00bbcenter\u00a0\u00bb global_colors_info=\u00a0\u00bb{}\u00a0\u00bb]<\/p>\n<h3>Tarifs de la pratique du Lahore Nadi Yoga<\/h3>\n<p>[\/et_pb_text][\/et_pb_column][\/et_pb_row][et_pb_row column_structure=\u00a0\u00bb1_4,1_4,1_2&Prime; _builder_version=\u00a0\u00bb4.16&Prime; global_colors_info=\u00a0\u00bb{}\u00a0\u00bb][et_pb_column type=\u00a0\u00bb1_4&Prime; _builder_version=\u00a0\u00bb4.16&Prime; global_colors_info=\u00a0\u00bb{}\u00a0\u00bb][et_pb_text admin_label=\u00a0\u00bbTexte\u00a0\u00bb _builder_version=\u00a0\u00bb4.18.0&Prime; text_orientation=\u00a0\u00bbcenter\u00a0\u00bb hover_enabled=\u00a0\u00bb0&Prime; global_colors_info=\u00a0\u00bb{}\u00a0\u00bb sticky_enabled=\u00a0\u00bb0&Prime;]<\/p>\n<h4><span style=\"font-size: 12pt;\">Le Lundi \u00e0 18h00<\/span><br \/>\n<span style=\"font-size: 12pt;\"> 1er &amp; 4\u00e8me Samedi \u00e0 10h30<\/span><\/h4>\n<p>Salle A.D.C.<br \/>\n4 avenue du Saint Laurent<br \/>\n44800 Saint Herblain<\/p>\n<p>[\/et_pb_text][\/et_pb_column][et_pb_column type=\u00a0\u00bb1_4&Prime; _builder_version=\u00a0\u00bb4.16&Prime; global_colors_info=\u00a0\u00bb{}\u00a0\u00bb][et_pb_text _builder_version=\u00a0\u00bb4.18.0&Prime; text_orientation=\u00a0\u00bbcenter\u00a0\u00bb hover_enabled=\u00a0\u00bb0&Prime; global_colors_info=\u00a0\u00bb{}\u00a0\u00bb sticky_enabled=\u00a0\u00bb0&Prime;]<\/p>\n<h4>Par Zoom :<br \/>\n<span style=\"font-size: 12pt;\">Le Jeudi \u00e0 18h00<\/span><\/h4>\n<p>inscription 48h avant chaque cours par email ou par SMS<\/p>\n<p>[\/et_pb_text][\/et_pb_column][et_pb_column type=\u00a0\u00bb1_2&Prime; _builder_version=\u00a0\u00bb4.16&Prime; global_colors_info=\u00a0\u00bb{}\u00a0\u00bb][et_pb_text _builder_version=\u00a0\u00bb4.18.0&Prime; hover_enabled=\u00a0\u00bb0&Prime; global_colors_info=\u00a0\u00bb{}\u00a0\u00bb sticky_enabled=\u00a0\u00bb0&Prime;]<\/p>\n<ul>\n<li>A la s\u00e9ance : 12 \u20ac<\/li>\n<li>Carte de 10 s\u00e9ances : 100 \u20ac<\/li>\n<li>A l&rsquo;ann\u00e9e 245 \u20ac<\/li>\n<li>Adh\u00e9sion annuelle \u00e0 l\u2019Association \u201cA la recherche de l\u2019Essentiel\u201d : 10 \u20ac<\/li>\n<\/ul>\n<p>[\/et_pb_text][\/et_pb_column][\/et_pb_row][\/et_pb_section]<\/p>\n","protected":false},"excerpt":{"rendered":"<p>Lahore Nadi Yoga Le Lahore Nadi Yoga est une forme non-violente et douce de yoga. Dans la philosophie du Lahore Nadi Yoga, tout trouble corporel, \u00e9motionnel, intellectuel relationnel, environnemental et m\u00eame spirituel, est d&rsquo;abord d\u00fb \u00e0 une deconnexion des \u00ab\u00a0nadi\u00a0\u00bb, c&rsquo;est \u00e0 dire \u00e0 une rupture de circulationde l&rsquo;\u00e9nergie dans les lignes \u00e9nerg\u00e9tiques. Les techniques [&hellip;]<\/p>\n","protected":false},"author":1,"featured_media":0,"parent":0,"menu_order":0,"comment_status":"closed","ping_status":"closed","template":"","meta":{"_et_pb_use_builder":"on","_et_pb_old_content":"","_et_gb_content_width":"","footnotes":""},"class_list":["post-740","page","type-page","status-publish","hentry"],"yoast_head":"<!-- This site is optimized with the Yoast SEO plugin v19.13 - https:\/\/yoast.com\/wordpress\/plugins\/seo\/ -->\n<title>Lahore Nadi Yoga - Catherine LONGEPE<\/title>\n<meta name=\"robots\" content=\"index, follow, max-snippet:-1, max-image-preview:large, max-video-preview:-1\" \/>\n<link rel=\"canonical\" href=\"https:\/\/www.catherine-longepe.com\/index.php\/lahore-nadi-yoga\/\" \/>\n<meta property=\"og:locale\" content=\"fr_FR\" \/>\n<meta property=\"og:type\" content=\"article\" \/>\n<meta property=\"og:title\" content=\"Lahore Nadi Yoga - Catherine LONGEPE\" \/>\n<meta property=\"og:description\" content=\"Lahore Nadi Yoga Le Lahore Nadi Yoga est une forme non-violente et douce de yoga. Dans la philosophie du Lahore Nadi Yoga, tout trouble corporel, \u00e9motionnel, intellectuel relationnel, environnemental et m\u00eame spirituel, est d&#039;abord d\u00fb \u00e0 une deconnexion des &quot;nadi&quot;, c&#039;est \u00e0 dire \u00e0 une rupture de circulationde l&#039;\u00e9nergie dans les lignes \u00e9nerg\u00e9tiques. Les techniques [&hellip;]\" \/>\n<meta property=\"og:url\" content=\"https:\/\/www.catherine-longepe.com\/index.php\/lahore-nadi-yoga\/\" \/>\n<meta property=\"og:site_name\" content=\"Catherine LONGEPE\" \/>\n<meta property=\"article:modified_time\" content=\"2025-08-21T18:11:31+00:00\" \/>\n<meta name=\"twitter:card\" content=\"summary_large_image\" \/>\n<meta name=\"twitter:label1\" content=\"Dur\u00e9e de lecture estim\u00e9e\" \/>\n\t<meta name=\"twitter:data1\" content=\"2 minutes\" \/>\n<script type=\"application\/ld+json\" class=\"yoast-schema-graph\">{\"@context\":\"https:\/\/schema.org\",\"@graph\":[{\"@type\":\"WebPage\",\"@id\":\"https:\/\/www.catherine-longepe.com\/index.php\/lahore-nadi-yoga\/\",\"url\":\"https:\/\/www.catherine-longepe.com\/index.php\/lahore-nadi-yoga\/\",\"name\":\"Lahore Nadi Yoga - Catherine LONGEPE\",\"isPartOf\":{\"@id\":\"https:\/\/www.catherine-longepe.com\/#website\"},\"datePublished\":\"2022-02-27T16:17:48+00:00\",\"dateModified\":\"2025-08-21T18:11:31+00:00\",\"breadcrumb\":{\"@id\":\"https:\/\/www.catherine-longepe.com\/index.php\/lahore-nadi-yoga\/#breadcrumb\"},\"inLanguage\":\"fr-FR\",\"potentialAction\":[{\"@type\":\"ReadAction\",\"target\":[\"https:\/\/www.catherine-longepe.com\/index.php\/lahore-nadi-yoga\/\"]}]},{\"@type\":\"BreadcrumbList\",\"@id\":\"https:\/\/www.catherine-longepe.com\/index.php\/lahore-nadi-yoga\/#breadcrumb\",\"itemListElement\":[{\"@type\":\"ListItem\",\"position\":1,\"name\":\"Accueil\",\"item\":\"https:\/\/www.catherine-longepe.com\/\"},{\"@type\":\"ListItem\",\"position\":2,\"name\":\"Lahore Nadi Yoga\"}]},{\"@type\":\"WebSite\",\"@id\":\"https:\/\/www.catherine-longepe.com\/#website\",\"url\":\"https:\/\/www.catherine-longepe.com\/\",\"name\":\"Catherine LONGEPE\",\"description\":\"\u00c0 la Recherche de l&#039;Essentiel\",\"potentialAction\":[{\"@type\":\"SearchAction\",\"target\":{\"@type\":\"EntryPoint\",\"urlTemplate\":\"https:\/\/www.catherine-longepe.com\/?s={search_term_string}\"},\"query-input\":\"required name=search_term_string\"}],\"inLanguage\":\"fr-FR\"}]}<\/script>\n<!-- \/ Yoast SEO plugin. -->","yoast_head_json":{"title":"Lahore Nadi Yoga - Catherine LONGEPE","robots":{"index":"index","follow":"follow","max-snippet":"max-snippet:-1","max-image-preview":"max-image-preview:large","max-video-preview":"max-video-preview:-1"},"canonical":"https:\/\/www.catherine-longepe.com\/index.php\/lahore-nadi-yoga\/","og_locale":"fr_FR","og_type":"article","og_title":"Lahore Nadi Yoga - Catherine LONGEPE","og_description":"Lahore Nadi Yoga Le Lahore Nadi Yoga est une forme non-violente et douce de yoga. Dans la philosophie du Lahore Nadi Yoga, tout trouble corporel, \u00e9motionnel, intellectuel relationnel, environnemental et m\u00eame spirituel, est d'abord d\u00fb \u00e0 une deconnexion des \"nadi\", c'est \u00e0 dire \u00e0 une rupture de circulationde l'\u00e9nergie dans les lignes \u00e9nerg\u00e9tiques. Les techniques [&hellip;]","og_url":"https:\/\/www.catherine-longepe.com\/index.php\/lahore-nadi-yoga\/","og_site_name":"Catherine LONGEPE","article_modified_time":"2025-08-21T18:11:31+00:00","twitter_card":"summary_large_image","twitter_misc":{"Dur\u00e9e de lecture estim\u00e9e":"2 minutes"},"schema":{"@context":"https:\/\/schema.org","@graph":[{"@type":"WebPage","@id":"https:\/\/www.catherine-longepe.com\/index.php\/lahore-nadi-yoga\/","url":"https:\/\/www.catherine-longepe.com\/index.php\/lahore-nadi-yoga\/","name":"Lahore Nadi Yoga - Catherine LONGEPE","isPartOf":{"@id":"https:\/\/www.catherine-longepe.com\/#website"},"datePublished":"2022-02-27T16:17:48+00:00","dateModified":"2025-08-21T18:11:31+00:00","breadcrumb":{"@id":"https:\/\/www.catherine-longepe.com\/index.php\/lahore-nadi-yoga\/#breadcrumb"},"inLanguage":"fr-FR","potentialAction":[{"@type":"ReadAction","target":["https:\/\/www.catherine-longepe.com\/index.php\/lahore-nadi-yoga\/"]}]},{"@type":"BreadcrumbList","@id":"https:\/\/www.catherine-longepe.com\/index.php\/lahore-nadi-yoga\/#breadcrumb","itemListElement":[{"@type":"ListItem","position":1,"name":"Accueil","item":"https:\/\/www.catherine-longepe.com\/"},{"@type":"ListItem","position":2,"name":"Lahore Nadi Yoga"}]},{"@type":"WebSite","@id":"https:\/\/www.catherine-longepe.com\/#website","url":"https:\/\/www.catherine-longepe.com\/","name":"Catherine LONGEPE","description":"\u00c0 la Recherche de l&#039;Essentiel","potentialAction":[{"@type":"SearchAction","target":{"@type":"EntryPoint","urlTemplate":"https:\/\/www.catherine-longepe.com\/?s={search_term_string}"},"query-input":"required name=search_term_string"}],"inLanguage":"fr-FR"}]}},"_links":{"self":[{"href":"https:\/\/www.catherine-longepe.com\/index.php\/wp-json\/wp\/v2\/pages\/740","targetHints":{"allow":["GET"]}}],"collection":[{"href":"https:\/\/www.catherine-longepe.com\/index.php\/wp-json\/wp\/v2\/pages"}],"about":[{"href":"https:\/\/www.catherine-longepe.com\/index.php\/wp-json\/wp\/v2\/types\/page"}],"author":[{"embeddable":true,"href":"https:\/\/www.catherine-longepe.com\/index.php\/wp-json\/wp\/v2\/users\/1"}],"replies":[{"embeddable":true,"href":"https:\/\/www.catherine-longepe.com\/index.php\/wp-json\/wp\/v2\/comments?post=740"}],"version-history":[{"count":11,"href":"https:\/\/www.catherine-longepe.com\/index.php\/wp-json\/wp\/v2\/pages\/740\/revisions"}],"predecessor-version":[{"id":802,"href":"https:\/\/www.catherine-longepe.com\/index.php\/wp-json\/wp\/v2\/pages\/740\/revisions\/802"}],"wp:attachment":[{"href":"https:\/\/www.catherine-longepe.com\/index.php\/wp-json\/wp\/v2\/media?parent=740"}],"curies":[{"name":"wp","href":"https:\/\/api.w.org\/{rel}","templated":true}]}}